{"id":91,"date":"2023-05-18T03:26:46","date_gmt":"2023-05-18T02:26:46","guid":{"rendered":"http:\/\/demo.thimpress.com\/eduma\/?page_id=91"},"modified":"2024-09-02T14:12:48","modified_gmt":"2024-09-02T13:12:48","slug":"sala-centro-estudo","status":"publish","type":"page","link":"https:\/\/aeag.pt\/portal\/sala-centro-estudo\/","title":{"rendered":"Sala e Centro de Estudo"},"content":{"rendered":"\t\t<div data-elementor-type=\"wp-post\" data-elementor-id=\"91\" class=\"elementor elementor-91\">\n\t\t\t\t\t\t<section class=\"elementor-section elementor-top-section elementor-element elementor-element-80adcd5 elementor-section-boxed elementor-section-height-default elementor-section-height-default\" data-id=\"80adcd5\" data-element_type=\"section\" data-e-type=\"section\">\n\t\t\t\t\t\t<div class=\"elementor-container elementor-column-gap-custom\">\n\t\t\t\t\t<div class=\"elementor-column elementor-col-50 elementor-top-column elementor-element elementor-element-38830fa\" data-id=\"38830fa\" data-element_type=\"column\" data-e-type=\"column\">\n\t\t\t<div class=\"elementor-widget-wrap elementor-element-populated\">\n\t\t\t\t\t\t<div class=\"elementor-element elementor-element-9595cc6 thim-ekits-heading-text-left elementor-widget thim-ekits-heading elementor-widget-thim-heading\" data-id=\"9595cc6\" data-element_type=\"widget\" data-e-type=\"widget\" data-widget_type=\"thim-heading.default\">\n\t\t\t\t<div class=\"elementor-widget-container\">\n\t\t\t\t\t<div class=\"sc_heading text-left\"><div class=\"sub-heading\"><p>A sala de estudo \u00e9 um espa\u00e7o onde os alunos podem estudar autonomamente ou acompanhados por professores de diferentes \u00e1reas disciplinares.<\/p>\n<p><b>Escola Secund\u00e1ria Dr. Ant\u00f3nio Granjo<\/b><\/p>\n<\/div><\/div>\t\t\t\t<\/div>\n\t\t\t\t<\/div>\n\t\t\t\t<div class=\"elementor-element elementor-element-a1eb1a3 elementor-widget elementor-widget-thim-single-images\" data-id=\"a1eb1a3\" data-element_type=\"widget\" data-e-type=\"widget\" data-widget_type=\"thim-single-images.default\">\n\t\t\t\t<div class=\"elementor-widget-container\">\n\t\t\t\t\t<div class=\"single-image template-base\"><img fetchpriority=\"high\" decoding=\"async\" width=\"433\" height=\"577\" src=\"https:\/\/aeag.pt\/portal\/wp-content\/uploads\/2023\/12\/sala_estudo_esag-rotated.jpeg\" class=\"attachment-large size-large\" alt=\"Sala de Estudo ESAG\" srcset=\"https:\/\/aeag.pt\/portal\/wp-content\/uploads\/2023\/12\/sala_estudo_esag-rotated.jpeg 433w, https:\/\/aeag.pt\/portal\/wp-content\/uploads\/2023\/12\/sala_estudo_esag-225x300.jpeg 225w\" sizes=\"(max-width: 433px) 100vw, 433px\" \/><\/div>\t\t\t\t<\/div>\n\t\t\t\t<\/div>\n\t\t\t\t<div class=\"elementor-element elementor-element-43b06e8 thim-ekits-heading-text-left elementor-widget thim-ekits-heading elementor-widget-thim-heading\" data-id=\"43b06e8\" data-element_type=\"widget\" data-e-type=\"widget\" data-widget_type=\"thim-heading.default\">\n\t\t\t\t<div class=\"elementor-widget-container\">\n\t\t\t\t\t<div class=\"sc_heading text-left\"><div class=\"sub-heading\"><p><strong>Hor\u00e1rio<\/strong>: das 08:20h \u00e0s 18:20h<\/p>\n<\/div><\/div>\t\t\t\t<\/div>\n\t\t\t\t<\/div>\n\t\t\t\t\t<\/div>\n\t\t<\/div>\n\t\t\t\t<div class=\"elementor-column elementor-col-50 elementor-top-column elementor-element elementor-element-f9fc1c8\" data-id=\"f9fc1c8\" data-element_type=\"column\" data-e-type=\"column\">\n\t\t\t<div class=\"elementor-widget-wrap elementor-element-populated\">\n\t\t\t\t\t\t<div class=\"elementor-element elementor-element-aaf2b1c thim-ekits-heading-text-left elementor-widget thim-ekits-heading elementor-widget-thim-heading\" data-id=\"aaf2b1c\" data-element_type=\"widget\" data-e-type=\"widget\" data-widget_type=\"thim-heading.default\">\n\t\t\t\t<div class=\"elementor-widget-container\">\n\t\t\t\t\t<div class=\"sc_heading text-left\"><div class=\"sub-heading\"><p>O Centro de Estudos \u00e9 um espa\u00e7o que se pretende que seja um ambiente educativo diferente daquele a que o aluno est\u00e1 habituado a viver nas \u00e1reas curriculares disciplinares, aproveitando o seu tempo livre de forma construtiva e enriquecedora, atrav\u00e9s da utiliza\u00e7\u00e3o de instrumentos de cultura\/saber e de materiais de apoio de \u00e2mbito geral e das diversas disciplinas, sob a coordena\u00e7\u00e3o\/orienta\u00e7\u00e3o de uma equipa de professores.<\/p>\n<p><b>Escola B\u00e1sica Dr. Francisco Gon\u00e7alves Carneiro<\/b><\/p>\n<\/div><\/div>\t\t\t\t<\/div>\n\t\t\t\t<\/div>\n\t\t\t\t<div class=\"elementor-element elementor-element-08cbf18 elementor-widget elementor-widget-thim-single-images\" data-id=\"08cbf18\" data-element_type=\"widget\" data-e-type=\"widget\" data-widget_type=\"thim-single-images.default\">\n\t\t\t\t<div class=\"elementor-widget-container\">\n\t\t\t\t\t<div class=\"single-image template-base\"><img decoding=\"async\" width=\"577\" height=\"433\" src=\"https:\/\/aeag.pt\/portal\/wp-content\/uploads\/2023\/12\/centro_estudo.jpeg\" class=\"attachment-large size-large\" alt=\"Centro de Estudos\" srcset=\"https:\/\/aeag.pt\/portal\/wp-content\/uploads\/2023\/12\/centro_estudo.jpeg 577w, https:\/\/aeag.pt\/portal\/wp-content\/uploads\/2023\/12\/centro_estudo-300x225.jpeg 300w, https:\/\/aeag.pt\/portal\/wp-content\/uploads\/2023\/12\/centro_estudo-400x300.jpeg 400w\" sizes=\"(max-width: 577px) 100vw, 577px\" \/><\/div>\t\t\t\t<\/div>\n\t\t\t\t<\/div>\n\t\t\t\t<div class=\"elementor-element elementor-element-373564e thim-ekits-heading-text-left elementor-widget thim-ekits-heading elementor-widget-thim-heading\" data-id=\"373564e\" data-element_type=\"widget\" data-e-type=\"widget\" data-widget_type=\"thim-heading.default\">\n\t\t\t\t<div class=\"elementor-widget-container\">\n\t\t\t\t\t<div class=\"sc_heading text-left\"><div class=\"sub-heading\"><p><strong>Hor\u00e1rio<\/strong>: das 13:30h \u00e0s 18:20h<\/p>\n<\/div><\/div>\t\t\t\t<\/div>\n\t\t\t\t<\/div>\n\t\t\t\t\t<\/div>\n\t\t<\/div>\n\t\t\t\t\t<\/div>\n\t\t<\/section>\n\t\t\t\t<\/div>\n\t\t","protected":false},"excerpt":{"rendered":"<p>A sala de estudo \u00e9 um espa\u00e7o onde os alunos podem estudar autonomamente ou acompanhados por professores de diferentes \u00e1reas disciplinares. Escola Secund\u00e1ria Dr. Ant\u00f3nio Granjo Hor\u00e1rio: das 08:20h \u00e0s 18:20h O Centro de Estudos \u00e9 um espa\u00e7o que se pretende que seja um ambiente educativo diferente daquele a que &hellip; <\/p>\n","protected":false},"author":1,"featured_media":0,"parent":0,"menu_order":0,"comment_status":"closed","ping_status":"closed","template":"","meta":{"footnotes":""},"class_list":["post-91","page","type-page","status-publish","hentry"],"_links":{"self":[{"href":"https:\/\/aeag.pt\/portal\/wp-json\/wp\/v2\/pages\/91","targetHints":{"allow":["GET"]}}],"collection":[{"href":"https:\/\/aeag.pt\/portal\/wp-json\/wp\/v2\/pages"}],"about":[{"href":"https:\/\/aeag.pt\/portal\/wp-json\/wp\/v2\/types\/page"}],"author":[{"embeddable":true,"href":"https:\/\/aeag.pt\/portal\/wp-json\/wp\/v2\/users\/1"}],"replies":[{"embeddable":true,"href":"https:\/\/aeag.pt\/portal\/wp-json\/wp\/v2\/comments?post=91"}],"version-history":[{"count":0,"href":"https:\/\/aeag.pt\/portal\/wp-json\/wp\/v2\/pages\/91\/revisions"}],"wp:attachment":[{"href":"https:\/\/aeag.pt\/portal\/wp-json\/wp\/v2\/media?parent=91"}],"curies":[{"name":"wp","href":"https:\/\/api.w.org\/{rel}","templated":true}]}}