{"id":2780,"date":"2023-05-18T02:46:28","date_gmt":"2023-05-18T01:46:28","guid":{"rendered":"http:\/\/demo.thimpress.com\/eduma\/?page_id=2780"},"modified":"2026-01-07T19:38:44","modified_gmt":"2026-01-07T18:38:44","slug":"servicos-administrativos","status":"publish","type":"page","link":"https:\/\/aeag.pt\/portal\/servicos-administrativos\/","title":{"rendered":"Servi\u00e7os Administrativos"},"content":{"rendered":"\t\t<div data-elementor-type=\"wp-post\" data-elementor-id=\"2780\" class=\"elementor elementor-2780\">\n\t\t\t\t\t\t<section class=\"elementor-section elementor-top-section elementor-element elementor-element-353e673 elementor-section-content-top elementor-section-boxed elementor-section-height-default elementor-section-height-default\" data-id=\"353e673\" data-element_type=\"section\" data-e-type=\"section\">\n\t\t\t\t\t\t<div class=\"elementor-container elementor-column-gap-custom\">\n\t\t\t\t\t<div class=\"elementor-column elementor-col-100 elementor-top-column elementor-element elementor-element-d2b24f9\" data-id=\"d2b24f9\" data-element_type=\"column\" data-e-type=\"column\">\n\t\t\t<div class=\"elementor-widget-wrap elementor-element-populated\">\n\t\t\t\t\t\t<div class=\"elementor-element elementor-element-a60ce48 elementor-widget thim-ekits-heading elementor-widget-thim-heading\" data-id=\"a60ce48\" data-element_type=\"widget\" data-e-type=\"widget\" data-widget_type=\"thim-heading.default\">\n\t\t\t\t<div class=\"elementor-widget-container\">\n\t\t\t\t\t<div class=\"sc_heading\"><h2 class=\"title\">Servi\u00e7os Administrativos <\/h2><\/div>\t\t\t\t<\/div>\n\t\t\t\t<\/div>\n\t\t\t\t<div class=\"elementor-element elementor-element-5f838c5 elementor-widget thim-ekits-heading elementor-widget-thim-heading\" data-id=\"5f838c5\" data-element_type=\"widget\" data-e-type=\"widget\" data-widget_type=\"thim-heading.default\">\n\t\t\t\t<div class=\"elementor-widget-container\">\n\t\t\t\t\t<div class=\"sc_heading\"><h5 class=\"title\">Hor\u00e1rio de funcionamento: <\/h5><div class=\"sub-heading\"><p><b>Escola Secund\u00e1ria Dr. Ant\u00f3nio Granjo<\/b><br \/>\n das 8h:30 \u00e0s 12h:30 e das 14h:00 \u00e0s 17h:00<\/p>\n<p><b>Escola B\u00e1sica Dr. Francisco Gon\u00e7alves Carneiro <\/b><br \/>\nSegunda-feira, Quarta-feira e Sexta-feira das 8:30h \u00e0s 15h<br \/>\nTer\u00e7a-feira e Quinta-feira das 9h \u00e0s 12h:30<\/p>\n<\/div><\/div>\t\t\t\t<\/div>\n\t\t\t\t<\/div>\n\t\t\t\t\t<\/div>\n\t\t<\/div>\n\t\t\t\t\t<\/div>\n\t\t<\/section>\n\t\t\t\t<section class=\"elementor-section elementor-top-section elementor-element elementor-element-6a792dc elementor-section-content-bottom elementor-section-boxed elementor-section-height-default elementor-section-height-default\" data-id=\"6a792dc\" data-element_type=\"section\" data-e-type=\"section\">\n\t\t\t\t\t\t<div class=\"elementor-container elementor-column-gap-default\">\n\t\t\t\t\t<div class=\"elementor-column elementor-col-100 elementor-top-column elementor-element elementor-element-5a1568a\" data-id=\"5a1568a\" data-element_type=\"column\" data-e-type=\"column\">\n\t\t\t<div class=\"elementor-widget-wrap elementor-element-populated\">\n\t\t\t\t\t\t<div class=\"elementor-element elementor-element-29bbb43 elementor-widget__width-auto elementor-widget thim-ekits-heading elementor-widget-thim-heading\" data-id=\"29bbb43\" data-element_type=\"widget\" data-e-type=\"widget\" data-widget_type=\"thim-heading.default\">\n\t\t\t\t<div class=\"elementor-widget-container\">\n\t\t\t\t\t<div class=\"sc_heading\"><h3 class=\"title\">\u00daltimas Not\u00edcias <\/h3><\/div>\t\t\t\t<\/div>\n\t\t\t\t<\/div>\n\t\t\t\t<div class=\"elementor-element elementor-element-edf2226 feature-one-post-no elementor-widget elementor-widget-thim-ekits-list-blog\" data-id=\"edf2226\" data-element_type=\"widget\" data-e-type=\"widget\" data-settings=\"{&quot;slidesPerGroup&quot;:12,&quot;slider_speed&quot;:2000,&quot;slider_show_pagination&quot;:&quot;bullets&quot;,&quot;slider_loop&quot;:&quot;yes&quot;,&quot;slidesPerView_tablet&quot;:2,&quot;slidesPerView&quot;:3,&quot;slidesPerView_mobile&quot;:&quot;2&quot;,&quot;spaceBetween&quot;:30,&quot;spaceBetween_mobile&quot;:&quot;15&quot;,&quot;centered_slides&quot;:&quot;no&quot;}\" data-widget_type=\"thim-ekits-list-blog.default\">\n\t\t\t\t<div class=\"elementor-widget-container\">\n\t\t\t\t\t\t\t\t<div\n\t\t\t\tclass=\"thim-slider-pagination thim-bullets\"><\/div>\n\t\t\n\t\t\t\t\t<div class=\"thim-ekits-post thim-ekits-sliders swiper-container\">\n\t\t\t\t<div class=\"swiper-wrapper\">\n\t\t\t\t\t\t\t<div class=\"thim-ekits-post__article swiper-slide post-4515 post type-post status-publish format-aside hentry category-informacao tag-concluido post_format-post-format-aside\">\n\t\t\t\t\t\t\t\n\t\t\t\t\t\t<div class=\"thim-ekits-post__content\">\n\t\t\t\t<h3 class=\"thim-ekits-post__title\">\n\t\t<a href=\"https:\/\/aeag.pt\/portal\/informacao-dezembro\/\" >\n\t\t\tInforma\u00e7\u00e3o &#8211; Dezembro\t\t<\/a>\n\t\t<\/h3>\n\t\t \t\t<div class=\"thim-ekits-post__meta elementor-repeater-item-6be84c5 m-psi-start \">\n\t\t\t\n\t\t<span class=\"thim-ekits-post__date\">\n\t\t\t\t\t\tDezembro 3, 2023\t\t<\/span>\n\n\t\t\t\t<span class=\"thim-ekits-blog__categories\">\n\t\t\t\t\t\t<a class=\"informacao\"\n\t\t\t   href=\"https:\/\/aeag.pt\/portal\/category\/informacao\/\"\n\t\t\t   title=\"Informa\u00e7\u00e3o\">\n\t\t\t\tInforma\u00e7\u00e3o\t\t\t<\/a>\n\t\t<\/span>\n\t\t\t\t<\/div>\n\n\t\t\n\t\t<div class=\"thim-ekits-post__excerpt\">\n\t\t\tInforma-se que os servi\u00e7os administrativos da Escola Dr. Francisco Gon\u00e7alves Carneiro estar\u00e3o encerrados entre os dias 18 de dezembro e...\t\t<\/div>\n\n\t\t\t\t<a class=\"thim-ekits-post__read-more\"\n\t\t   href=\"https:\/\/aeag.pt\/portal\/informacao-dezembro\/\" >\n\t\t\tLER MAIS\t\t\t\t\t<\/a>\n\t\t\t\t<\/div>\n\t\t\t\t\t\t\t<\/div>\n\t\t\t\t<div class=\"thim-ekits-post__article swiper-slide post-71 post type-post status-publish format-standard hentry category-convocatoria category-informacao tag-concluido\">\n\t\t\t\t\t\t\t\n\t\t\t\t\t\t<div class=\"thim-ekits-post__content\">\n\t\t\t\t<h3 class=\"thim-ekits-post__title\">\n\t\t<a href=\"https:\/\/aeag.pt\/portal\/convocatoria-de-assembleia-geral\/\" >\n\t\t\tAssocia\u00e7\u00e3o de Pais e Encarregados de Educa\u00e7\u00e3o Convocat\u00f3ria de Assembleia Geral\t\t<\/a>\n\t\t<\/h3>\n\t\t \t\t<div class=\"thim-ekits-post__meta elementor-repeater-item-6be84c5 m-psi-start \">\n\t\t\t\n\t\t<span class=\"thim-ekits-post__date\">\n\t\t\t\t\t\tDezembro 7, 2023\t\t<\/span>\n\n\t\t\t\t<span class=\"thim-ekits-blog__categories\">\n\t\t\t\t\t\t<a class=\"convocatoria\"\n\t\t\t   href=\"https:\/\/aeag.pt\/portal\/category\/convocatoria\/\"\n\t\t\t   title=\"Convocat\u00f3ria\">\n\t\t\t\tConvocat\u00f3ria\t\t\t<\/a>\n\t\t<\/span>\n\t\t\t\t<\/div>\n\n\t\t\n\t\t<div class=\"thim-ekits-post__excerpt\">\n\t\t\t... convoca a Assembleia Geral Ordin\u00e1ria de s\u00f3cios da A.P.E.E.A.E.A.G para o dia 21 de Dezembro de 2023 pelas 18:00...\t\t<\/div>\n\n\t\t\t\t<a class=\"thim-ekits-post__read-more\"\n\t\t   href=\"https:\/\/aeag.pt\/portal\/convocatoria-de-assembleia-geral\/\" >\n\t\t\tLER MAIS\t\t\t\t\t<\/a>\n\t\t\t\t<\/div>\n\t\t\t\t\t\t\t<\/div>\n\t\t\t\t<div class=\"thim-ekits-post__article swiper-slide post-54 post type-post status-publish format-image hentry category-concurso category-noticia tag-concluido post_format-post-format-image\">\n\t\t\t\t\t\t\t\n\t\t\t\t\t\t<div class=\"thim-ekits-post__content\">\n\t\t\t\t<h3 class=\"thim-ekits-post__title\">\n\t\t<a href=\"https:\/\/aeag.pt\/portal\/concurso-grupo-420-geografia\/\" >\n\t\t\tAviso de Abertura Concurso &#8211; Contrata\u00e7\u00e3o de Escola Ano Letivo 2023\/2024 &#8211; Grupo 420 \u2013 Geografia\t\t<\/a>\n\t\t<\/h3>\n\t\t \t\t<div class=\"thim-ekits-post__meta elementor-repeater-item-6be84c5 m-psi-start \">\n\t\t\t\n\t\t<span class=\"thim-ekits-post__date\">\n\t\t\t\t\t\tDezembro 27, 2023\t\t<\/span>\n\n\t\t\t\t<span class=\"thim-ekits-blog__categories\">\n\t\t\t\t\t\t<a class=\"concurso\"\n\t\t\t   href=\"https:\/\/aeag.pt\/portal\/category\/concurso\/\"\n\t\t\t   title=\"Concurso\">\n\t\t\t\tConcurso\t\t\t<\/a>\n\t\t<\/span>\n\t\t\t\t<\/div>\n\n\t\t\n\t\t<div class=\"thim-ekits-post__excerpt\">\n\t\t\tNos termos do estabelecido nos artigos 38\u00ba e 39\u00ba do Decreto-Lei n\u00ba. 132\/2012, de 27 de junho, com as altera\u00e7\u00f5es...\t\t<\/div>\n\n\t\t\t\t<a class=\"thim-ekits-post__read-more\"\n\t\t   href=\"https:\/\/aeag.pt\/portal\/concurso-grupo-420-geografia\/\" >\n\t\t\tLER MAIS\t\t\t\t\t<\/a>\n\t\t\t\t<\/div>\n\t\t\t\t\t\t\t<\/div>\n\t\t\t\t<div class=\"thim-ekits-post__article swiper-slide post-4518 post type-post status-publish format-image hentry category-convocatoria category-noticia tag-ativo post_format-post-format-image\">\n\t\t\t\t\t\t\t\n\t\t\t\t\t\t<div class=\"thim-ekits-post__content\">\n\t\t\t\t<h3 class=\"thim-ekits-post__title\">\n\t\t<a href=\"https:\/\/aeag.pt\/portal\/convocatoria-assembleia-geral-pais-encarregados-educacao-2024\/\" >\n\t\t\tConvocat\u00f3ria de Assembleia Geral de Pais e Encarregados de Educa\u00e7\u00e3o 2024\t\t<\/a>\n\t\t<\/h3>\n\t\t \t\t<div class=\"thim-ekits-post__meta elementor-repeater-item-6be84c5 m-psi-start \">\n\t\t\t\n\t\t<span class=\"thim-ekits-post__date\">\n\t\t\t\t\t\tJaneiro 3, 2024\t\t<\/span>\n\n\t\t\t\t<span class=\"thim-ekits-blog__categories\">\n\t\t\t\t\t\t<a class=\"convocatoria\"\n\t\t\t   href=\"https:\/\/aeag.pt\/portal\/category\/convocatoria\/\"\n\t\t\t   title=\"Convocat\u00f3ria\">\n\t\t\t\tConvocat\u00f3ria\t\t\t<\/a>\n\t\t<\/span>\n\t\t\t\t<\/div>\n\n\t\t\n\t\t<div class=\"thim-ekits-post__excerpt\">\n\t\t\tDe acordo com o artigo 14\u00ba do Decreto-Lei n\u00ba 75\/200, de 22 de Abril, convoco a Assembleia Geral de Pais...\t\t<\/div>\n\n\t\t\t\t<a class=\"thim-ekits-post__read-more\"\n\t\t   href=\"https:\/\/aeag.pt\/portal\/convocatoria-assembleia-geral-pais-encarregados-educacao-2024\/\" >\n\t\t\tLER MAIS\t\t\t\t\t<\/a>\n\t\t\t\t<\/div>\n\t\t\t\t\t\t\t<\/div>\n\t\t\t\t<div class=\"thim-ekits-post__article swiper-slide post-59 post type-post status-publish format-standard hentry category-informacao tag-ativo\">\n\t\t\t\t\t\t\t\n\t\t\t\t\t\t<div class=\"thim-ekits-post__content\">\n\t\t\t\t<h3 class=\"thim-ekits-post__title\">\n\t\t<a href=\"https:\/\/aeag.pt\/portal\/informacao\/\" >\n\t\t\tInforma\u00e7\u00e3o\t\t<\/a>\n\t\t<\/h3>\n\t\t \t\t<div class=\"thim-ekits-post__meta elementor-repeater-item-6be84c5 m-psi-start \">\n\t\t\t\n\t\t<span class=\"thim-ekits-post__date\">\n\t\t\t\t\t\tJaneiro 5, 2024\t\t<\/span>\n\n\t\t\t\t<span class=\"thim-ekits-blog__categories\">\n\t\t\t\t\t\t<a class=\"informacao\"\n\t\t\t   href=\"https:\/\/aeag.pt\/portal\/category\/informacao\/\"\n\t\t\t   title=\"Informa\u00e7\u00e3o\">\n\t\t\t\tInforma\u00e7\u00e3o\t\t\t<\/a>\n\t\t<\/span>\n\t\t\t\t<\/div>\n\n\t\t\n\t\t<div class=\"thim-ekits-post__excerpt\">\n\t\t\tInformam-se os senhores Encarregados de Educa\u00e7\u00e3o dos alunos que frequentam a escola Dr. Francisco Gon\u00e7alves Carneiro (5.\u00ba e 6.\u00ba anos)...\t\t<\/div>\n\n\t\t\t\t<a class=\"thim-ekits-post__read-more\"\n\t\t   href=\"https:\/\/aeag.pt\/portal\/informacao\/\" >\n\t\t\tLER MAIS\t\t\t\t\t<\/a>\n\t\t\t\t<\/div>\n\t\t\t\t\t\t\t<\/div>\n\t\t\t\t<div class=\"thim-ekits-post__article swiper-slide post-4516 post type-post status-publish format-standard hentry category-concurso tag-ativo\">\n\t\t\t\t\t\t\t\n\t\t\t\t\t\t<div class=\"thim-ekits-post__content\">\n\t\t\t\t<h3 class=\"thim-ekits-post__title\">\n\t\t<a href=\"https:\/\/aeag.pt\/portal\/listagem-graduada-grupo-420-geografia-concurso-contratacao-escola-ano-letivo-2023-24\/\" >\n\t\t\tListagem graduada &#8211; Grupo 420-Geografia &#8211; Concurso de Contrata\u00e7\u00e3o de Escola Ano letivo 2023\/2024\t\t<\/a>\n\t\t<\/h3>\n\t\t \t\t<div class=\"thim-ekits-post__meta elementor-repeater-item-6be84c5 m-psi-start \">\n\t\t\t\n\t\t<span class=\"thim-ekits-post__date\">\n\t\t\t\t\t\tJaneiro 9, 2024\t\t<\/span>\n\n\t\t\t\t<span class=\"thim-ekits-blog__categories\">\n\t\t\t\t\t\t<a class=\"concurso\"\n\t\t\t   href=\"https:\/\/aeag.pt\/portal\/category\/concurso\/\"\n\t\t\t   title=\"Concurso\">\n\t\t\t\tConcurso\t\t\t<\/a>\n\t\t<\/span>\n\t\t\t\t<\/div>\n\n\t\t\n\t\t<div class=\"thim-ekits-post__excerpt\">\n\t\t\tNome da Escola : Agrupamento de Escolas Dr. Ant\u00f3nio Granjo, Chaves N\u00ba Escola : 152730 Data final da candidatura :...\t\t<\/div>\n\n\t\t\t\t<a class=\"thim-ekits-post__read-more\"\n\t\t   href=\"https:\/\/aeag.pt\/portal\/listagem-graduada-grupo-420-geografia-concurso-contratacao-escola-ano-letivo-2023-24\/\" >\n\t\t\tLER MAIS\t\t\t\t\t<\/a>\n\t\t\t\t<\/div>\n\t\t\t\t\t\t\t<\/div>\n\t\t\t\t<div class=\"thim-ekits-post__article swiper-slide post-4512 post type-post status-publish format-standard hentry category-informacao tag-concluido\">\n\t\t\t\t\t\t\t\n\t\t\t\t\t\t<div class=\"thim-ekits-post__content\">\n\t\t\t\t<h3 class=\"thim-ekits-post__title\">\n\t\t<a href=\"https:\/\/aeag.pt\/portal\/the-project-harnessing-the-power-of-sport-to-change-childrens-lives\/\" >\n\t\t\tInforma\u00e7\u00e3o: Pedidos de Consulta \/ Reaprecia\u00e7\u00e3o\/ Reclama\u00e7\u00e3o  Provas Finais \/ Exames Nacionais\t\t<\/a>\n\t\t<\/h3>\n\t\t \t\t<div class=\"thim-ekits-post__meta elementor-repeater-item-6be84c5 m-psi-start \">\n\t\t\t\n\t\t<span class=\"thim-ekits-post__date\">\n\t\t\t\t\t\tJulho 7, 2024\t\t<\/span>\n\n\t\t\t\t<span class=\"thim-ekits-blog__categories\">\n\t\t\t\t\t\t<a class=\"informacao\"\n\t\t\t   href=\"https:\/\/aeag.pt\/portal\/category\/informacao\/\"\n\t\t\t   title=\"Informa\u00e7\u00e3o\">\n\t\t\t\tInforma\u00e7\u00e3o\t\t\t<\/a>\n\t\t<\/span>\n\t\t\t\t<\/div>\n\n\t\t\n\t\t<div class=\"thim-ekits-post__excerpt\">\n\t\t\t(De acordo com o disposto no Cap\u00edtulo III da Norma 02\/JNE\/2024) O encarregado de educa\u00e7\u00e3o ou o pr\u00f3prio aluno, quando...\t\t<\/div>\n\n\t\t\t\t<a class=\"thim-ekits-post__read-more\"\n\t\t   href=\"https:\/\/aeag.pt\/portal\/the-project-harnessing-the-power-of-sport-to-change-childrens-lives\/\" >\n\t\t\tLER MAIS\t\t\t\t\t<\/a>\n\t\t\t\t<\/div>\n\t\t\t\t\t\t\t<\/div>\n\t\t\t\t<div class=\"thim-ekits-post__article swiper-slide post-23374 post type-post status-publish format-standard hentry category-informacao\">\n\t\t\t\t\t\t\t\n\t\t\t\t\t\t<div class=\"thim-ekits-post__content\">\n\t\t\t\t<h3 class=\"thim-ekits-post__title\">\n\t\t<a href=\"https:\/\/aeag.pt\/portal\/despacho-n-o-8368-2024-de-25-de-julho\/\" >\n\t\t\tDespacho n.\u00ba 8368\/2024, de\u00a0\u00a025 de julho\t\t<\/a>\n\t\t<\/h3>\n\t\t \t\t<div class=\"thim-ekits-post__meta elementor-repeater-item-6be84c5 m-psi-start \">\n\t\t\t\n\t\t<span class=\"thim-ekits-post__date\">\n\t\t\t\t\t\tJulho 29, 2024\t\t<\/span>\n\n\t\t\t\t<span class=\"thim-ekits-blog__categories\">\n\t\t\t\t\t\t<a class=\"informacao\"\n\t\t\t   href=\"https:\/\/aeag.pt\/portal\/category\/informacao\/\"\n\t\t\t   title=\"Informa\u00e7\u00e3o\">\n\t\t\t\tInforma\u00e7\u00e3o\t\t\t<\/a>\n\t\t<\/span>\n\t\t\t\t<\/div>\n\n\t\t\n\t\t<div class=\"thim-ekits-post__excerpt\">\n\t\t\tSum\u00e1rio: Estabelece o calend\u00e1rio escolar relativo aos anos letivos de 2024-2025 a 2027-2028 destinado aos estabelecimentos p\u00fablicos de educa\u00e7\u00e3o pr\u00e9-escolar...\t\t<\/div>\n\n\t\t\t\t<a class=\"thim-ekits-post__read-more\"\n\t\t   href=\"https:\/\/aeag.pt\/portal\/despacho-n-o-8368-2024-de-25-de-julho\/\" >\n\t\t\tLER MAIS\t\t\t\t\t<\/a>\n\t\t\t\t<\/div>\n\t\t\t\t\t\t\t<\/div>\n\t\t\t\t\t\t<\/div>\n\t\t\t<\/div>\n\n\t\t\t\t\t\t\t<\/div>\n\t\t\t\t<\/div>\n\t\t\t\t\t<\/div>\n\t\t<\/div>\n\t\t\t\t\t<\/div>\n\t\t<\/section>\n\t\t\t\t<\/div>\n\t\t","protected":false},"excerpt":{"rendered":"<p>Servi\u00e7os Administrativos Hor\u00e1rio de funcionamento: Escola Secund\u00e1ria Dr. Ant\u00f3nio Granjo das 8h:30 \u00e0s 12h:30 e das 14h:00 \u00e0s 17h:00 Escola B\u00e1sica Dr. Francisco Gon\u00e7alves Carneiro Segunda-feira, Quarta-feira e Sexta-feira das 8:30h \u00e0s 15h Ter\u00e7a-feira e Quinta-feira das 9h \u00e0s 12h:30 \u00daltimas Not\u00edcias Informa\u00e7\u00e3o &#8211; Dezembro Dezembro 3, 2023 Informa\u00e7\u00e3o Informa-se &hellip; <\/p>\n","protected":false},"author":1,"featured_media":0,"parent":0,"menu_order":0,"comment_status":"closed","ping_status":"closed","template":"","meta":{"footnotes":""},"class_list":["post-2780","page","type-page","status-publish","hentry"],"_links":{"self":[{"href":"https:\/\/aeag.pt\/portal\/wp-json\/wp\/v2\/pages\/2780","targetHints":{"allow":["GET"]}}],"collection":[{"href":"https:\/\/aeag.pt\/portal\/wp-json\/wp\/v2\/pages"}],"about":[{"href":"https:\/\/aeag.pt\/portal\/wp-json\/wp\/v2\/types\/page"}],"author":[{"embeddable":true,"href":"https:\/\/aeag.pt\/portal\/wp-json\/wp\/v2\/users\/1"}],"replies":[{"embeddable":true,"href":"https:\/\/aeag.pt\/portal\/wp-json\/wp\/v2\/comments?post=2780"}],"version-history":[{"count":11,"href":"https:\/\/aeag.pt\/portal\/wp-json\/wp\/v2\/pages\/2780\/revisions"}],"predecessor-version":[{"id":30535,"href":"https:\/\/aeag.pt\/portal\/wp-json\/wp\/v2\/pages\/2780\/revisions\/30535"}],"wp:attachment":[{"href":"https:\/\/aeag.pt\/portal\/wp-json\/wp\/v2\/media?parent=2780"}],"curies":[{"name":"wp","href":"https:\/\/api.w.org\/{rel}","templated":true}]}}