{"id":22429,"date":"2024-07-15T16:46:10","date_gmt":"2024-07-15T15:46:10","guid":{"rendered":"https:\/\/site.aeag.pt\/portal\/?page_id=22429"},"modified":"2024-09-02T13:35:01","modified_gmt":"2024-09-02T12:35:01","slug":"servico-de-mediacao-e-intervencao-social-smis","status":"publish","type":"page","link":"https:\/\/aeag.pt\/portal\/servico-de-mediacao-e-intervencao-social-smis\/","title":{"rendered":"Servi\u00e7o de Media\u00e7\u00e3o e Interven\u00e7\u00e3o social"},"content":{"rendered":"\t\t<div data-elementor-type=\"wp-page\" data-elementor-id=\"22429\" class=\"elementor elementor-22429\">\n\t\t\t\t\t\t<section class=\"elementor-section elementor-top-section elementor-element elementor-element-aeadf1c elementor-section-content-top elementor-section-boxed elementor-section-height-default elementor-section-height-default\" data-id=\"aeadf1c\" data-element_type=\"section\" data-e-type=\"section\">\n\t\t\t\t\t\t<div class=\"elementor-container elementor-column-gap-custom\">\n\t\t\t\t\t<div class=\"elementor-column elementor-col-100 elementor-top-column elementor-element elementor-element-ac34012\" data-id=\"ac34012\" data-element_type=\"column\" data-e-type=\"column\">\n\t\t\t<div class=\"elementor-widget-wrap elementor-element-populated\">\n\t\t\t\t\t\t<div class=\"elementor-element elementor-element-4d7fc09 elementor-widget thim-ekits-heading elementor-widget-thim-heading\" data-id=\"4d7fc09\" data-element_type=\"widget\" data-e-type=\"widget\" data-widget_type=\"thim-heading.default\">\n\t\t\t\t<div class=\"elementor-widget-container\">\n\t\t\t\t\t<div class=\"sc_heading\"><h2 class=\"title\">SERVI\u00c7O DE MEDIA\u00c7\u00c3O E INTERVEN\u00c7\u00c3O SOCIAL  (SMIS) <\/h2><div class=\"sub-heading\"><p>O servi\u00e7o de media\u00e7\u00e3o e interven\u00e7\u00e3o social (SMIS) um servi\u00e7o t\u00e9cnico-pedag\u00f3gico de apoio socioeducativo que desenvolve a sua a\u00e7\u00e3o em articula\u00e7\u00e3o com os diretores de turma, professores titulares, SPO, EMAEI, coordenadores de estabelecimento e com outras estruturas exteriores \u00e0 comunidade escolar, em torno de tr\u00eas eixos:<br \/>\n\u00a0\u00a0\u00a0\u00a0\u00a0\u00a0\u00a0a) Media\u00e7\u00e3o familiar;<br \/>\n\u00a0\u00a0\u00a0\u00a0\u00a0\u00a0\u00a0b) Promo\u00e7\u00e3o da inclus\u00e3o e do bem-estar;<br \/>\n\u00a0\u00a0\u00a0\u00a0\u00a0\u00a0\u00a0c) Apoio \u00e0 comunidade educativa.<\/p>\n<\/div><\/div>\t\t\t\t<\/div>\n\t\t\t\t<\/div>\n\t\t\t\t<div class=\"elementor-element elementor-element-ef48581 elementor-widget thim-ekits-heading elementor-widget-thim-heading\" data-id=\"ef48581\" data-element_type=\"widget\" data-e-type=\"widget\" data-widget_type=\"thim-heading.default\">\n\t\t\t\t<div class=\"elementor-widget-container\">\n\t\t\t\t\t<div class=\"sc_heading\"><h4 class=\"title\">Hor\u00e1rio de funcionamento <\/h4><\/div>\t\t\t\t<\/div>\n\t\t\t\t<\/div>\n\t\t\t\t<div class=\"elementor-element elementor-element-8a97f25 elementor-widget thim-ekits-heading elementor-widget-thim-heading\" data-id=\"8a97f25\" data-element_type=\"widget\" data-e-type=\"widget\" data-widget_type=\"thim-heading.default\">\n\t\t\t\t<div class=\"elementor-widget-container\">\n\t\t\t\t\t<div class=\"sc_heading\"><div class=\"sub-heading\"><p>das 9h \u00e0s 12:30h e das 14:30h \u00e0s 18:20h <\/p>\n<\/div><\/div>\t\t\t\t<\/div>\n\t\t\t\t<\/div>\n\t\t\t\t\t<\/div>\n\t\t<\/div>\n\t\t\t\t\t<\/div>\n\t\t<\/section>\n\t\t\t\t<\/div>\n\t\t","protected":false},"excerpt":{"rendered":"<p>SERVI\u00c7O DE MEDIA\u00c7\u00c3O E INTERVEN\u00c7\u00c3O SOCIAL (SMIS) O servi\u00e7o de media\u00e7\u00e3o e interven\u00e7\u00e3o social (SMIS) um servi\u00e7o t\u00e9cnico-pedag\u00f3gico de apoio socioeducativo que desenvolve a sua a\u00e7\u00e3o em articula\u00e7\u00e3o com os diretores de turma, professores titulares, SPO, EMAEI, coordenadores de estabelecimento e com outras estruturas exteriores \u00e0 comunidade escolar, em torno &hellip; <\/p>\n","protected":false},"author":1,"featured_media":0,"parent":0,"menu_order":0,"comment_status":"closed","ping_status":"closed","template":"","meta":{"footnotes":""},"class_list":["post-22429","page","type-page","status-publish","hentry"],"_links":{"self":[{"href":"https:\/\/aeag.pt\/portal\/wp-json\/wp\/v2\/pages\/22429","targetHints":{"allow":["GET"]}}],"collection":[{"href":"https:\/\/aeag.pt\/portal\/wp-json\/wp\/v2\/pages"}],"about":[{"href":"https:\/\/aeag.pt\/portal\/wp-json\/wp\/v2\/types\/page"}],"author":[{"embeddable":true,"href":"https:\/\/aeag.pt\/portal\/wp-json\/wp\/v2\/users\/1"}],"replies":[{"embeddable":true,"href":"https:\/\/aeag.pt\/portal\/wp-json\/wp\/v2\/comments?post=22429"}],"version-history":[{"count":0,"href":"https:\/\/aeag.pt\/portal\/wp-json\/wp\/v2\/pages\/22429\/revisions"}],"wp:attachment":[{"href":"https:\/\/aeag.pt\/portal\/wp-json\/wp\/v2\/media?parent=22429"}],"curies":[{"name":"wp","href":"https:\/\/api.w.org\/{rel}","templated":true}]}}