{"id":20036,"date":"2024-03-27T20:58:13","date_gmt":"2024-03-27T19:58:13","guid":{"rendered":"https:\/\/site.aeag.pt\/portal\/?page_id=20036"},"modified":"2025-06-11T09:56:58","modified_gmt":"2025-06-11T08:56:58","slug":"informacoes-prova-nivel-escola","status":"publish","type":"page","link":"https:\/\/aeag.pt\/portal\/informacoes-prova-nivel-escola\/","title":{"rendered":"Informa\u00e7\u00f5es -Prova de Equival\u00eancia \u00e0 Frequ\u00eancia Ano Letivo 2024-25"},"content":{"rendered":"\t\t<div data-elementor-type=\"wp-page\" data-elementor-id=\"20036\" class=\"elementor elementor-20036\">\n\t\t\t\t\t\t<section class=\"elementor-section elementor-top-section elementor-element elementor-element-ea2e7c4 elementor-section-stretched elementor-section-boxed elementor-section-height-default elementor-section-height-default\" data-id=\"ea2e7c4\" data-element_type=\"section\" data-e-type=\"section\" data-settings=\"{&quot;stretch_section&quot;:&quot;section-stretched&quot;}\">\n\t\t\t\t\t\t<div class=\"elementor-container elementor-column-gap-no\">\n\t\t\t\t\t<div class=\"elementor-column elementor-col-100 elementor-top-column elementor-element elementor-element-932fac0 university-new\" data-id=\"932fac0\" data-element_type=\"column\" data-e-type=\"column\">\n\t\t\t<div class=\"elementor-widget-wrap elementor-element-populated\">\n\t\t\t\t\t\t<div class=\"elementor-element elementor-element-3798749 thim-ekits-heading-text-left elementor-widget thim-ekits-heading elementor-widget-thim-heading\" data-id=\"3798749\" data-element_type=\"widget\" data-e-type=\"widget\" data-widget_type=\"thim-heading.default\">\n\t\t\t\t<div class=\"elementor-widget-container\">\n\t\t\t\t\t<div class=\"sc_heading text-left\"><h3 class=\"title\">Informa\u00e7\u00f5es -Prova de Equival\u00eancia \u00e0 Frequ\u00eancia  <\/h3><\/div>\t\t\t\t<\/div>\n\t\t\t\t<\/div>\n\t\t\t\t\t<\/div>\n\t\t<\/div>\n\t\t\t\t\t<\/div>\n\t\t<\/section>\n\t\t\t\t<section class=\"elementor-section elementor-top-section elementor-element elementor-element-d7543d6 elementor-section-stretched elementor-section-boxed elementor-section-height-default elementor-section-height-default\" data-id=\"d7543d6\" data-element_type=\"section\" data-e-type=\"section\" data-settings=\"{&quot;stretch_section&quot;:&quot;section-stretched&quot;}\">\n\t\t\t\t\t\t<div class=\"elementor-container elementor-column-gap-default\">\n\t\t\t\t\t<div class=\"elementor-column elementor-col-100 elementor-top-column elementor-element elementor-element-bacb372\" data-id=\"bacb372\" data-element_type=\"column\" data-e-type=\"column\">\n\t\t\t<div class=\"elementor-widget-wrap elementor-element-populated\">\n\t\t\t\t\t\t<div class=\"elementor-element elementor-element-9ca7d2e elementor-tabs-view-horizontal elementor-widget elementor-widget-tabs\" data-id=\"9ca7d2e\" data-element_type=\"widget\" data-e-type=\"widget\" data-widget_type=\"tabs.default\">\n\t\t\t\t<div class=\"elementor-widget-container\">\n\t\t\t\t\t\t\t<div class=\"elementor-tabs\">\n\t\t\t<div class=\"elementor-tabs-wrapper\" role=\"tablist\" >\n\t\t\t\t\t\t\t\t\t<div id=\"elementor-tab-title-1641\" class=\"elementor-tab-title elementor-tab-desktop-title\" aria-selected=\"true\" data-tab=\"1\" role=\"tab\" tabindex=\"0\" aria-controls=\"elementor-tab-content-1641\" aria-expanded=\"false\">Informa\u00e7\u00f5es -Prova de Equival\u00eancia \u00e0 Frequ\u00eancia Ano Letivo 2024-25  Cursos Cient\u00edfico-Human\u00edsticos<\/div>\n\t\t\t\t\t\t\t\t\t<div id=\"elementor-tab-title-1642\" class=\"elementor-tab-title elementor-tab-desktop-title\" aria-selected=\"false\" data-tab=\"2\" role=\"tab\" tabindex=\"-1\" aria-controls=\"elementor-tab-content-1642\" aria-expanded=\"false\">Informa\u00e7\u00f5es-Prova de Equival\u00eancia \u00e0 Frequ\u00eancia Ano letivo 2024-25 - 3\u00ba Ciclo<\/div>\n\t\t\t\t\t\t\t<\/div>\n\t\t\t<div class=\"elementor-tabs-content-wrapper\" role=\"tablist\" aria-orientation=\"vertical\">\n\t\t\t\t\t\t\t\t\t<div class=\"elementor-tab-title elementor-tab-mobile-title\" aria-selected=\"true\" data-tab=\"1\" role=\"tab\" tabindex=\"0\" aria-controls=\"elementor-tab-content-1641\" aria-expanded=\"false\">Informa\u00e7\u00f5es -Prova de Equival\u00eancia \u00e0 Frequ\u00eancia Ano Letivo 2024-25  Cursos Cient\u00edfico-Human\u00edsticos<\/div>\n\t\t\t\t\t<div id=\"elementor-tab-content-1641\" class=\"elementor-tab-content elementor-clearfix\" data-tab=\"1\" role=\"tabpanel\" aria-labelledby=\"elementor-tab-title-1641\" tabindex=\"0\" hidden=\"false\"><p>Disciplina de\u00a0<a style=\"background-color: #ffffff;\" href=\"https:\/\/aeag.pt\/portal\/documentos\/EXAMES-PROVAS\/IP_CCH_Educacao_Fisica.pdf\" target=\"_blank\" rel=\"noopener\"><b>Educa\u00e7\u00e3o F\u00edsica<\/b><\/a>\u00a0\u2013 Prova 311 \u2013 12\u00ba ano escolaridade<\/p><p>Disciplina de\u00a0<a href=\"https:\/\/aeag.pt\/portal\/documentos\/EXAMES-PROVAS\/IP_CCH_API_B.pdf\" target=\"_blank\" rel=\"noopener\"><b>Aplica\u00e7\u00f5es Inform\u00e1ticas B<\/b><\/a>\u00a0\u2013 Prova 303 \u2013 12\u00ba ano escolaridade<\/p><p>Disciplina de\u00a0<a style=\"background-color: #ffffff;\" href=\"https:\/\/aeag.pt\/portal\/documentos\/EXAMES-PROVAS\/IP_CCH_Espanhol_Ini.pdf\" target=\"_blank\" rel=\"noopener\"><b>Espanhol Inicia\u00e7\u00e3o<\/b><\/a>\u00a0\u2013 Prova 375 \u2013 11\u00ba ano escolaridade<\/p><p>Disciplina de\u00a0<a href=\"https:\/\/aeag.pt\/portal\/documentos\/EXAMES-PROVAS\/IP_CCH_Fisica.pdf\" target=\"_blank\" rel=\"noopener\"><b>F\u00edsica<\/b><\/a>\u00a0\u2013 Prova 315 \u2013 12\u00ba ano escolaridade<\/p><p>Disciplina de\u00a0<a href=\"https:\/\/aeag.pt\/portal\/documentos\/EXAMES-PROVAS\/IP_CCH_Ingles.pdf\" target=\"_blank\" rel=\"noopener\"><b>Ingl\u00eas<\/b><\/a>\u00a0\u2013 Prova 358 \u2013 12\u00ba ano escolaridade<\/p><p>Disciplina de\u00a0<a href=\"https:\/\/aeag.pt\/portal\/documentos\/EXAMES-PROVAS\/IP_CCH_Quimica.pdf\" target=\"_blank\" rel=\"noopener\"><b>Qu\u00edmica<\/b><\/a>\u00a0\u2013 Prova 342 \u2013 12\u00ba ano escolaridade<\/p><p>Disciplina de\u00a0<a href=\"https:\/\/aeag.pt\/portal\/documentos\/EXAMES-PROVAS\/IP_CCH_Oficina_Artes.pdf\" target=\"_blank\" rel=\"noopener\"><b>Oficina de Artes<\/b><\/a>\u00a0\u2013 Prova 316 \u2013 12\u00ba ano escolaridade<\/p><p>Disciplina de\u00a0<a href=\"https:\/\/aeag.pt\/portal\/documentos\/EXAMES-PROVAS\/IP_CCH_Oficina_Design.pdf\" target=\"_blank\" rel=\"noopener\"><b>Oficina de Design<\/b><\/a>\u00a0\u2013 Prova 346 \u2013 12\u00ba ano escolaridade<\/p><p>Disciplina de\u00a0<a style=\"background-color: #ffffff;\" href=\"https:\/\/aeag.pt\/portal\/documentos\/EXAMES-PROVAS\/IP_CCH_Psicologia_B.pdf\" target=\"_blank\" rel=\"noopener\"><b>Psicologia B<\/b><\/a>\u00a0\u2013 Prova 340 \u2013 12\u00ba ano escolaridade<\/p><p>Disciplina de\u00a0<a href=\"https:\/\/aeag.pt\/portal\/documentos\/EXAMES-PROVAS\/IP_CCH_Sociologia.pdf\" target=\"_blank\" rel=\"noopener\"><b>Sociologia<\/b><\/a>\u00a0\u2013 Prova 344 \u2013 12\u00ba ano escolaridade<\/p><\/div>\n\t\t\t\t\t\t\t\t\t<div class=\"elementor-tab-title elementor-tab-mobile-title\" aria-selected=\"false\" data-tab=\"2\" role=\"tab\" tabindex=\"-1\" aria-controls=\"elementor-tab-content-1642\" aria-expanded=\"false\">Informa\u00e7\u00f5es-Prova de Equival\u00eancia \u00e0 Frequ\u00eancia Ano letivo 2024-25 - 3\u00ba Ciclo<\/div>\n\t\t\t\t\t<div id=\"elementor-tab-content-1642\" class=\"elementor-tab-content elementor-clearfix\" data-tab=\"2\" role=\"tabpanel\" aria-labelledby=\"elementor-tab-title-1642\" tabindex=\"0\" hidden=\"hidden\"><p>Disciplina de\u00a0<a style=\"background-color: #ffffff;\" href=\"https:\/\/aeag.pt\/portal\/documentos\/EXAMES-PROVAS\/IP_3C_Frances.pdf\" target=\"_blank\" rel=\"noopener\"><b>Franc\u00eas<\/b><\/a>\u00a0\u2013 Prova 16 \u2013 9\u00ba ano escolaridade<\/p><p>Disciplina de\u00a0<a href=\"https:\/\/aeag.pt\/portal\/documentos\/EXAMES-PROVAS\/IP_3C_Cidadania_Desenvolvimento.pdf\" target=\"_blank\" rel=\"noopener\"><b>Cidadania e Desenvolvimento<\/b><\/a>\u00a0\u2013 Prova 96 \u2013 9\u00ba ano escolaridade<\/p><p>Disciplina de\u00a0<a href=\"https:\/\/aeag.pt\/portal\/documentos\/EXAMES-PROVAS\/IP_3C_Ciencias_Naturais.pdf\" target=\"_blank\" rel=\"noopener\"><b>Ci\u00eancias Naturais<\/b><\/a>\u00a0\u2013 Prova 10 \u2013 9\u00ba ano escolaridade<\/p><p>Disciplina de\u00a0<a href=\"https:\/\/aeag.pt\/portal\/documentos\/EXAMES-PROVAS\/IP_3C_Educacao_Fisica.pdf\" target=\"_blank\" rel=\"noopener\"><b>Educa\u00e7\u00e3o F\u00edsica<\/b><\/a>\u00a0\u2013 Prova 26 \u2013 9\u00ba ano escolaridade<\/p><p>Disciplina de\u00a0<a href=\"https:\/\/aeag.pt\/portal\/documentos\/EXAMES-PROVAS\/IP_3C_Educacao_Tecnologica.pdf\" target=\"_blank\" rel=\"noopener\"><b>Educa\u00e7\u00e3o Tecnol\u00f3gica<\/b><\/a>\u00a0\u2013 Prova 97 \u2013 9\u00ba ano escolaridade<\/p><p>Disciplina de\u00a0<a href=\"https:\/\/aeag.pt\/portal\/documentos\/EXAMES-PROVAS\/IP_3C_Educacao_Visual.pdf\" target=\"_blank\" rel=\"noopener\"><b>Educa\u00e7\u00e3o Visual<\/b><\/a>\u00a0\u2013 Prova 14 \u2013 9\u00ba ano escolaridade<\/p><p>Disciplina de\u00a0<a href=\"https:\/\/aeag.pt\/portal\/documentos\/EXAMES-PROVAS\/IP_3C_Fisico-Quimica.pdf\" target=\"_blank\" rel=\"noopener\"><b>F\u00edsico-Qu\u00edmica<\/b><\/a>\u00a0\u2013 Prova 11 \u2013 9\u00ba ano escolaridade<\/p><p>Disciplina de\u00a0<a href=\"https:\/\/aeag.pt\/portal\/documentos\/EXAMES-PROVAS\/IP_3C_Geografia.pdf\" target=\"_blank\" rel=\"noopener\"><b>Geografia<\/b><\/a>\u00a0\u2013 Prova 18 \u2013 9\u00ba ano escolaridade<\/p><p>Disciplina de\u00a0<a href=\"https:\/\/aeag.pt\/portal\/documentos\/EXAMES-PROVAS\/IP_3C_Historia.pdf\" target=\"_blank\" rel=\"noopener\"><b>Hist\u00f3ria<\/b><\/a>\u00a0\u2013 Prova 19 \u2013 9\u00ba ano escolaridade<\/p><p>Disciplina de\u00a0<a href=\"https:\/\/aeag.pt\/portal\/documentos\/EXAMES-PROVAS\/IP_3C_Ingles.pdf\" target=\"_blank\" rel=\"noopener\"><b>Ingl\u00eas<\/b><\/a>\u00a0\u2013 Prova 21 \u2013 9\u00ba ano escolaridade<\/p><p>Disciplina de\u00a0<a href=\"https:\/\/aeag.pt\/portal\/documentos\/EXAMES-PROVAS\/IP_3C_Portugues_Oral_Autopropostos.pdf\" target=\"_blank\" rel=\"noopener\"><b>Portugu\u00eas<\/b><\/a>\u00a0\u2013 Prova 91 | Oral \u2013 9\u00ba ano escolaridade<\/p><p>Disciplina de\u00a0<a href=\"https:\/\/aeag.pt\/portal\/documentos\/EXAMES-PROVAS\/IP_3C_TIC.pdf\" target=\"_blank\" rel=\"noopener\"><b>Tecnologias da Informa\u00e7\u00e3o e Comunica\u00e7\u00e3o<\/b><\/a>\u00a0\u2013 Prova 24 | \u2013 9\u00ba ano escolaridade<\/p><\/div>\n\t\t\t\t\t\t\t<\/div>\n\t\t<\/div>\n\t\t\t\t\t\t<\/div>\n\t\t\t\t<\/div>\n\t\t\t\t\t<\/div>\n\t\t<\/div>\n\t\t\t\t\t<\/div>\n\t\t<\/section>\n\t\t\t\t<\/div>\n\t\t","protected":false},"excerpt":{"rendered":"<p>Informa\u00e7\u00f5es -Prova de Equival\u00eancia \u00e0 Frequ\u00eancia Informa\u00e7\u00f5es -Prova de Equival\u00eancia \u00e0 Frequ\u00eancia Ano Letivo 2024-25 Cursos Cient\u00edfico-Human\u00edsticos Informa\u00e7\u00f5es-Prova de Equival\u00eancia \u00e0 Frequ\u00eancia Ano letivo 2024-25 &#8211; 3\u00ba Ciclo Informa\u00e7\u00f5es -Prova de Equival\u00eancia \u00e0 Frequ\u00eancia Ano Letivo 2024-25 Cursos Cient\u00edfico-Human\u00edsticos Disciplina de\u00a0Educa\u00e7\u00e3o F\u00edsica\u00a0\u2013 Prova 311 \u2013 12\u00ba ano escolaridade Disciplina de\u00a0Aplica\u00e7\u00f5es &hellip; <\/p>\n","protected":false},"author":1,"featured_media":14968,"parent":0,"menu_order":0,"comment_status":"closed","ping_status":"closed","template":"","meta":{"footnotes":""},"class_list":["post-20036","page","type-page","status-publish","has-post-thumbnail","hentry"],"_links":{"self":[{"href":"https:\/\/aeag.pt\/portal\/wp-json\/wp\/v2\/pages\/20036","targetHints":{"allow":["GET"]}}],"collection":[{"href":"https:\/\/aeag.pt\/portal\/wp-json\/wp\/v2\/pages"}],"about":[{"href":"https:\/\/aeag.pt\/portal\/wp-json\/wp\/v2\/types\/page"}],"author":[{"embeddable":true,"href":"https:\/\/aeag.pt\/portal\/wp-json\/wp\/v2\/users\/1"}],"replies":[{"embeddable":true,"href":"https:\/\/aeag.pt\/portal\/wp-json\/wp\/v2\/comments?post=20036"}],"version-history":[{"count":14,"href":"https:\/\/aeag.pt\/portal\/wp-json\/wp\/v2\/pages\/20036\/revisions"}],"predecessor-version":[{"id":30702,"href":"https:\/\/aeag.pt\/portal\/wp-json\/wp\/v2\/pages\/20036\/revisions\/30702"}],"wp:featuredmedia":[{"embeddable":true,"href":"https:\/\/aeag.pt\/portal\/wp-json\/wp\/v2\/media\/14968"}],"wp:attachment":[{"href":"https:\/\/aeag.pt\/portal\/wp-json\/wp\/v2\/media?parent=20036"}],"curies":[{"name":"wp","href":"https:\/\/api.w.org\/{rel}","templated":true}]}}