{"id":12904,"date":"2023-06-19T23:16:39","date_gmt":"2023-06-19T22:16:39","guid":{"rendered":"https:\/\/site.aeag.pt\/portal\/?page_id=12904"},"modified":"2024-11-18T15:57:47","modified_gmt":"2024-11-18T14:57:47","slug":"cursos-cientifico-humanisticos","status":"publish","type":"page","link":"https:\/\/aeag.pt\/portal\/cursos-cientifico-humanisticos\/","title":{"rendered":"Cursos Cient\u00edfico-Human\u00edsticos"},"content":{"rendered":"\t\t<div data-elementor-type=\"wp-page\" data-elementor-id=\"12904\" class=\"elementor elementor-12904\">\n\t\t\t\t\t\t<section class=\"elementor-section elementor-top-section elementor-element elementor-element-d3c7584 elementor-section-boxed elementor-section-height-default elementor-section-height-default\" data-id=\"d3c7584\" data-element_type=\"section\" data-e-type=\"section\">\n\t\t\t\t\t\t<div class=\"elementor-container elementor-column-gap-default\">\n\t\t\t\t\t<div class=\"elementor-column elementor-col-100 elementor-top-column elementor-element elementor-element-bd75f4f\" data-id=\"bd75f4f\" data-element_type=\"column\" data-e-type=\"column\">\n\t\t\t<div class=\"elementor-widget-wrap elementor-element-populated\">\n\t\t\t\t\t\t<div class=\"elementor-element elementor-element-cd08b60 elementor-widget elementor-widget-thim-ekits-header-info\" data-id=\"cd08b60\" data-element_type=\"widget\" data-e-type=\"widget\" data-widget_type=\"thim-ekits-header-info.default\">\n\t\t\t\t<div class=\"elementor-widget-container\">\n\t\t\t\t\t\t\t<div class=\"header-info-swapper\">\n\t\t\t<ul class=\"thim-header-info\">\n\t\t\t\t\t\t\t\t\t\t<li>\n\t\t\t\t\t\t\t\t\t\t\t\t\t\t\t\n\t\t\t\t\t\t\t\tOferta Formativa\n\t\t\t\t\t\t\t\t\t\t\t\t\t\t<\/li>\n\t\t\t\t\t\t\t\t\t<\/ul>\n\t\t<\/div>\n\t\t\t\t\t\t<\/div>\n\t\t\t\t<\/div>\n\t\t\t\t<div class=\"elementor-element elementor-element-c675824 elementor-widget elementor-widget-thim-ekits-header-info\" data-id=\"c675824\" data-element_type=\"widget\" data-e-type=\"widget\" data-widget_type=\"thim-ekits-header-info.default\">\n\t\t\t\t<div class=\"elementor-widget-container\">\n\t\t\t\t\t\t\t<div class=\"header-info-swapper\">\n\t\t\t<ul class=\"thim-header-info\">\n\t\t\t\t\t\t\t\t\t\t<li>\n\t\t\t\t\t\t\t\t\t\t\t\t\t\t\t\n\t\t\t\t\t\t\t\t\u00a0\u00a0\u00a0\u00a0\u00a0Os cursos cient\u00edfico-human\u00edsticos constituem uma oferta educativa vocacionada para o prosseguimento de estudos de n\u00edvel superior.  Destinam-se a alunos que tenham conclu\u00eddo o 9.\u00ba ano de escolaridade.  T\u00eam a dura\u00e7\u00e3o de 3 anos letivos, correspondentes aos 10.\u00ba, 11.\u00ba e 12.\u00ba anos de escolaridade.  Conferem um diploma de conclus\u00e3o do Ensino Secund\u00e1rio (12.\u00ba ano), bem como o n\u00edvel 3 de qualifica\u00e7\u00e3o do Quadro Nacional de Qualifica\u00e7\u00f5es (QNQ). \n\t\t\t\t\t\t\t\t\t\t\t\t\t\t<\/li>\n\t\t\t\t\t\t\t\t\t<\/ul>\n\t\t<\/div>\n\t\t\t\t\t\t<\/div>\n\t\t\t\t<\/div>\n\t\t\t\t<div class=\"elementor-element elementor-element-1ad9cfb elementor-mobile-align-left oferta elementor-widget elementor-widget-button\" data-id=\"1ad9cfb\" data-element_type=\"widget\" data-e-type=\"widget\" id=\"oferta\" data-widget_type=\"button.default\">\n\t\t\t\t<div class=\"elementor-widget-container\">\n\t\t\t\t\t\t\t\t\t<div class=\"elementor-button-wrapper\">\n\t\t\t\t\t<a class=\"elementor-button elementor-button-link elementor-size-sm\" href=\"https:\/\/aeag.pt\/portal\/documentos\/alunos\/Desdobravel_Cursos_cientifico-humanisticos.pdf\" id=\"oferta\">\n\t\t\t\t\t\t<span class=\"elementor-button-content-wrapper\">\n\t\t\t\t\t\t<span class=\"elementor-button-icon\">\n\t\t\t\t<svg aria-hidden=\"true\" class=\"e-font-icon-svg e-fas-book\" viewBox=\"0 0 448 512\" xmlns=\"http:\/\/www.w3.org\/2000\/svg\"><path d=\"M448 360V24c0-13.3-10.7-24-24-24H96C43 0 0 43 0 96v320c0 53 43 96 96 96h328c13.3 0 24-10.7 24-24v-16c0-7.5-3.5-14.3-8.9-18.7-4.2-15.4-4.2-59.3 0-74.7 5.4-4.3 8.9-11.1 8.9-18.6zM128 134c0-3.3 2.7-6 6-6h212c3.3 0 6 2.7 6 6v20c0 3.3-2.7 6-6 6H134c-3.3 0-6-2.7-6-6v-20zm0 64c0-3.3 2.7-6 6-6h212c3.3 0 6 2.7 6 6v20c0 3.3-2.7 6-6 6H134c-3.3 0-6-2.7-6-6v-20zm253.4 250H96c-17.7 0-32-14.3-32-32 0-17.6 14.4-32 32-32h285.4c-1.9 17.1-1.9 46.9 0 64z\"><\/path><\/svg>\t\t\t<\/span>\n\t\t\t\t\t\t\t\t\t<span class=\"elementor-button-text\">Encontra aqui o <b>Desdobr\u00e1vel Oferta Formativa Cursos Cient\u00edfico-Human\u00edsticos<\/b>.<\/span>\n\t\t\t\t\t<\/span>\n\t\t\t\t\t<\/a>\n\t\t\t\t<\/div>\n\t\t\t\t\t\t\t\t<\/div>\n\t\t\t\t<\/div>\n\t\t\t\t<div class=\"elementor-element elementor-element-c12d972 thim-ekits-avatar-position-top elementor-widget elementor-widget-thim-ekits-list-course\" data-id=\"c12d972\" data-element_type=\"widget\" data-e-type=\"widget\" data-settings=\"{&quot;column_gap&quot;:{&quot;unit&quot;:&quot;px&quot;,&quot;size&quot;:30,&quot;sizes&quot;:[]},&quot;column_gap_tablet&quot;:{&quot;unit&quot;:&quot;px&quot;,&quot;size&quot;:&quot;&quot;,&quot;sizes&quot;:[]},&quot;column_gap_mobile&quot;:{&quot;unit&quot;:&quot;px&quot;,&quot;size&quot;:&quot;&quot;,&quot;sizes&quot;:[]}}\" data-widget_type=\"thim-ekits-list-course.default\">\n\t\t\t\t<div class=\"elementor-widget-container\">\n\t\t\t\t\t\t\t\t\t<div class=\"thim-ekits-course learn-press-courses\" data-layout=\"grid\">\n\t\t\t\t\t<div class=\"thim-ekits-course__inner\">\n\t\t\t\t\t\t\t\t<div class=\"thim-ekits-course__item post-5428 lp_course type-lp_course status-publish has-post-thumbnail hentry course_category-cientifico-humanisticos course\">\n\t\t\t\n\t\t\t\t\t\t<div class=\"thim-ekits-course__thumbnail\">\n\t\t\t<a href=\"https:\/\/aeag.pt\/portal\/courses\/artes-visuais\/\" \t\t\t   class=\"course-thumbnail\">\n\t\t\t\t<img fetchpriority=\"high\" decoding=\"async\" width=\"300\" height=\"175\" src=\"https:\/\/aeag.pt\/portal\/wp-content\/uploads\/2023\/06\/LOGO_AV-300x175.png\" class=\"attachment-medium size-medium wp-image-21391\" alt=\"Logotipo do Curso de Artes Visuais\" srcset=\"https:\/\/aeag.pt\/portal\/wp-content\/uploads\/2023\/06\/LOGO_AV-300x175.png 300w, https:\/\/aeag.pt\/portal\/wp-content\/uploads\/2023\/06\/LOGO_AV-768x449.png 768w, https:\/\/aeag.pt\/portal\/wp-content\/uploads\/2023\/06\/LOGO_AV-600x351.png 600w, https:\/\/aeag.pt\/portal\/wp-content\/uploads\/2023\/06\/LOGO_AV.png 987w\" sizes=\"(max-width: 300px) 100vw, 300px\" \/>\t\t\t<\/a>\n\t\t\t\t\t<a class=\"thim-ekits-course__read-more\"\n\t\t   href=\"https:\/\/aeag.pt\/portal\/courses\/artes-visuais\/\" >\n\t\t\tLer Mais\t\t<\/a>\n\t\t\t\t<\/div>\n\t\t\n\t\t\t\t\t\t<div class=\"thim-ekits-course__content\">\n\t\t\t\t<h3 class=\"thim-ekits-course__title\">\n\t\t<a href=\"https:\/\/aeag.pt\/portal\/courses\/artes-visuais\/\" ><span class='course-title'>Artes Visuais<\/span><\/a>\t\t<\/h3>\n\t\t\t\t<div class=\"thim-ekits-course__excerpt\">\n\t\t\tO curso de Artes Visuais do ensino secund\u00e1rio tem por objetivo dotar o aluno de um conjunto de saberes que lhe possibilitem o desenvolvimento de...\t\t<\/div>\n\t\t\t\t<a class=\"thim-ekits-course__read-more\"\n\t\t   href=\"https:\/\/aeag.pt\/portal\/courses\/artes-visuais\/\" >\n\t\t\tLer Mais\t\t<\/a>\n\t\t\t\t<\/div>\n\t\t\n\t\t\t\n\t\t<\/div>\n\t\t\t\t<div class=\"thim-ekits-course__item post-13058 lp_course type-lp_course status-publish has-post-thumbnail hentry course_category-cientifico-humanisticos course\">\n\t\t\t\n\t\t\t\t\t\t<div class=\"thim-ekits-course__thumbnail\">\n\t\t\t<a href=\"https:\/\/aeag.pt\/portal\/courses\/ciencias-e-tecnologias\/\" \t\t\t   class=\"course-thumbnail\">\n\t\t\t\t<img decoding=\"async\" width=\"300\" height=\"164\" src=\"https:\/\/aeag.pt\/portal\/wp-content\/uploads\/2023\/06\/LOGO_CeT-300x164.png\" class=\"attachment-medium size-medium wp-image-21397\" alt=\"Sigla Curso de Ci\u00eancias e Tecnologias\" srcset=\"https:\/\/aeag.pt\/portal\/wp-content\/uploads\/2023\/06\/LOGO_CeT-300x164.png 300w, https:\/\/aeag.pt\/portal\/wp-content\/uploads\/2023\/06\/LOGO_CeT-1024x560.png 1024w, https:\/\/aeag.pt\/portal\/wp-content\/uploads\/2023\/06\/LOGO_CeT-768x420.png 768w, https:\/\/aeag.pt\/portal\/wp-content\/uploads\/2023\/06\/LOGO_CeT-600x328.png 600w, https:\/\/aeag.pt\/portal\/wp-content\/uploads\/2023\/06\/LOGO_CeT.png 1280w\" sizes=\"(max-width: 300px) 100vw, 300px\" \/>\t\t\t<\/a>\n\t\t\t\t\t<a class=\"thim-ekits-course__read-more\"\n\t\t   href=\"https:\/\/aeag.pt\/portal\/courses\/ciencias-e-tecnologias\/\" >\n\t\t\tLer Mais\t\t<\/a>\n\t\t\t\t<\/div>\n\t\t\n\t\t\t\t\t\t<div class=\"thim-ekits-course__content\">\n\t\t\t\t<h3 class=\"thim-ekits-course__title\">\n\t\t<a href=\"https:\/\/aeag.pt\/portal\/courses\/ciencias-e-tecnologias\/\" ><span class='course-title'>Ci\u00eancias e Tecnologias<\/span><\/a>\t\t<\/h3>\n\t\t\t\t<div class=\"thim-ekits-course__excerpt\">\n\t\t\tO Curso de Ci\u00eancias e Tecnologias pretende fornecer aos alunos um conjunto de saberes e compet\u00eancias em disciplinas relacionadas com as ci\u00eancias...\t\t<\/div>\n\t\t\t\t<a class=\"thim-ekits-course__read-more\"\n\t\t   href=\"https:\/\/aeag.pt\/portal\/courses\/ciencias-e-tecnologias\/\" >\n\t\t\tLer Mais\t\t<\/a>\n\t\t\t\t<\/div>\n\t\t\n\t\t\t\n\t\t<\/div>\n\t\t\t\t<div class=\"thim-ekits-course__item post-13056 lp_course type-lp_course status-publish has-post-thumbnail hentry course_category-cientifico-humanisticos course\">\n\t\t\t\n\t\t\t\t\t\t<div class=\"thim-ekits-course__thumbnail\">\n\t\t\t<a href=\"https:\/\/aeag.pt\/portal\/courses\/ciencias-socioeconomicas\/\" \t\t\t   class=\"course-thumbnail\">\n\t\t\t\t<img decoding=\"async\" width=\"300\" height=\"164\" src=\"https:\/\/aeag.pt\/portal\/wp-content\/uploads\/2023\/06\/LOGO_CSE2-300x164.png\" class=\"attachment-medium size-medium wp-image-30646\" alt=\"Logo Curso Ci\u00eancias Socioecon\u00f3micas\" srcset=\"https:\/\/aeag.pt\/portal\/wp-content\/uploads\/2023\/06\/LOGO_CSE2-300x164.png 300w, https:\/\/aeag.pt\/portal\/wp-content\/uploads\/2023\/06\/LOGO_CSE2-768x421.png 768w, https:\/\/aeag.pt\/portal\/wp-content\/uploads\/2023\/06\/LOGO_CSE2-600x329.png 600w, https:\/\/aeag.pt\/portal\/wp-content\/uploads\/2023\/06\/LOGO_CSE2.png 880w\" sizes=\"(max-width: 300px) 100vw, 300px\" \/>\t\t\t<\/a>\n\t\t\t\t\t<a class=\"thim-ekits-course__read-more\"\n\t\t   href=\"https:\/\/aeag.pt\/portal\/courses\/ciencias-socioeconomicas\/\" >\n\t\t\tLer Mais\t\t<\/a>\n\t\t\t\t<\/div>\n\t\t\n\t\t\t\t\t\t<div class=\"thim-ekits-course__content\">\n\t\t\t\t<h3 class=\"thim-ekits-course__title\">\n\t\t<a href=\"https:\/\/aeag.pt\/portal\/courses\/ciencias-socioeconomicas\/\" ><span class='course-title'>Ci\u00eancias Socioecon\u00f3micas<\/span><\/a>\t\t<\/h3>\n\t\t\t\t<div class=\"thim-ekits-course__excerpt\">\n\t\t\tO curso de Ci\u00eancias Socioecon\u00f3micas visa proporcionar aos alunos uma base s\u00f3lida em disciplinas relacionadas com as ci\u00eancias sociais e econ\u00f3micas. ...\t\t<\/div>\n\t\t\t\t<a class=\"thim-ekits-course__read-more\"\n\t\t   href=\"https:\/\/aeag.pt\/portal\/courses\/ciencias-socioeconomicas\/\" >\n\t\t\tLer Mais\t\t<\/a>\n\t\t\t\t<\/div>\n\t\t\n\t\t\t\n\t\t<\/div>\n\t\t\t\t<div class=\"thim-ekits-course__item post-5286 lp_course type-lp_course status-publish has-post-thumbnail hentry course_category-cientifico-humanisticos course\">\n\t\t\t\n\t\t\t\t\t\t<div class=\"thim-ekits-course__thumbnail\">\n\t\t\t<a href=\"https:\/\/aeag.pt\/portal\/courses\/linguas-e-humanidades\/\" \t\t\t   class=\"course-thumbnail\">\n\t\t\t\t<img loading=\"lazy\" decoding=\"async\" width=\"300\" height=\"164\" src=\"https:\/\/aeag.pt\/portal\/wp-content\/uploads\/2023\/06\/LOGO_LINGUAS_HUMANIDADES-300x164.png\" class=\"attachment-medium size-medium wp-image-21379\" alt=\"Sigla do Curso de L\u00ednguas e Humanidades\" srcset=\"https:\/\/aeag.pt\/portal\/wp-content\/uploads\/2023\/06\/LOGO_LINGUAS_HUMANIDADES-300x164.png 300w, https:\/\/aeag.pt\/portal\/wp-content\/uploads\/2023\/06\/LOGO_LINGUAS_HUMANIDADES-1024x560.png 1024w, https:\/\/aeag.pt\/portal\/wp-content\/uploads\/2023\/06\/LOGO_LINGUAS_HUMANIDADES-768x420.png 768w, https:\/\/aeag.pt\/portal\/wp-content\/uploads\/2023\/06\/LOGO_LINGUAS_HUMANIDADES-600x328.png 600w, https:\/\/aeag.pt\/portal\/wp-content\/uploads\/2023\/06\/LOGO_LINGUAS_HUMANIDADES.png 1280w\" sizes=\"(max-width: 300px) 100vw, 300px\" \/>\t\t\t<\/a>\n\t\t\t\t\t<a class=\"thim-ekits-course__read-more\"\n\t\t   href=\"https:\/\/aeag.pt\/portal\/courses\/linguas-e-humanidades\/\" >\n\t\t\tLer Mais\t\t<\/a>\n\t\t\t\t<\/div>\n\t\t\n\t\t\t\t\t\t<div class=\"thim-ekits-course__content\">\n\t\t\t\t<h3 class=\"thim-ekits-course__title\">\n\t\t<a href=\"https:\/\/aeag.pt\/portal\/courses\/linguas-e-humanidades\/\" ><span class='course-title'>L\u00ednguas e Humanidades<\/span><\/a>\t\t<\/h3>\n\t\t\t\t<div class=\"thim-ekits-course__excerpt\">\n\t\t\tO Curso de L\u00ednguas e Humanidades pretende proporcionar aos alunos uma forma\u00e7\u00e3o abrangente nas \u00e1reas de l\u00ednguas, humanidades e ci\u00eancias sociais. ...\t\t<\/div>\n\t\t\t\t<a class=\"thim-ekits-course__read-more\"\n\t\t   href=\"https:\/\/aeag.pt\/portal\/courses\/linguas-e-humanidades\/\" >\n\t\t\tLer Mais\t\t<\/a>\n\t\t\t\t<\/div>\n\t\t\n\t\t\t\n\t\t<\/div>\n\t\t\t\t\t\t\t<\/div>\n\t\t\t\t<\/div>\n\t\t\t\t\t\t\t\t<\/div>\n\t\t\t\t<\/div>\n\t\t\t\t\t<\/div>\n\t\t<\/div>\n\t\t\t\t\t<\/div>\n\t\t<\/section>\n\t\t\t\t<section class=\"elementor-section elementor-top-section elementor-element elementor-element-85a31d3 elementor-section-boxed elementor-section-height-default elementor-section-height-default\" data-id=\"85a31d3\" data-element_type=\"section\" data-e-type=\"section\">\n\t\t\t\t\t\t<div class=\"elementor-container elementor-column-gap-default\">\n\t\t\t\t\t<div class=\"elementor-column elementor-col-100 elementor-top-column elementor-element elementor-element-44de3b8\" data-id=\"44de3b8\" data-element_type=\"column\" data-e-type=\"column\">\n\t\t\t<div class=\"elementor-widget-wrap\">\n\t\t\t\t\t\t\t<\/div>\n\t\t<\/div>\n\t\t\t\t\t<\/div>\n\t\t<\/section>\n\t\t\t\t<\/div>\n\t\t","protected":false},"excerpt":{"rendered":"<p>Oferta Formativa \u00a0\u00a0\u00a0\u00a0\u00a0Os cursos cient\u00edfico-human\u00edsticos constituem uma oferta educativa vocacionada para o prosseguimento de estudos de n\u00edvel superior. Destinam-se a alunos que tenham conclu\u00eddo o 9.\u00ba ano de escolaridade. T\u00eam a dura\u00e7\u00e3o de 3 anos letivos, correspondentes aos 10.\u00ba, 11.\u00ba e 12.\u00ba anos de escolaridade. Conferem um diploma de conclus\u00e3o &hellip; <\/p>\n","protected":false},"author":1,"featured_media":0,"parent":0,"menu_order":0,"comment_status":"closed","ping_status":"closed","template":"","meta":{"footnotes":""},"class_list":["post-12904","page","type-page","status-publish","hentry"],"_links":{"self":[{"href":"https:\/\/aeag.pt\/portal\/wp-json\/wp\/v2\/pages\/12904","targetHints":{"allow":["GET"]}}],"collection":[{"href":"https:\/\/aeag.pt\/portal\/wp-json\/wp\/v2\/pages"}],"about":[{"href":"https:\/\/aeag.pt\/portal\/wp-json\/wp\/v2\/types\/page"}],"author":[{"embeddable":true,"href":"https:\/\/aeag.pt\/portal\/wp-json\/wp\/v2\/users\/1"}],"replies":[{"embeddable":true,"href":"https:\/\/aeag.pt\/portal\/wp-json\/wp\/v2\/comments?post=12904"}],"version-history":[{"count":6,"href":"https:\/\/aeag.pt\/portal\/wp-json\/wp\/v2\/pages\/12904\/revisions"}],"predecessor-version":[{"id":26152,"href":"https:\/\/aeag.pt\/portal\/wp-json\/wp\/v2\/pages\/12904\/revisions\/26152"}],"wp:attachment":[{"href":"https:\/\/aeag.pt\/portal\/wp-json\/wp\/v2\/media?parent=12904"}],"curies":[{"name":"wp","href":"https:\/\/api.w.org\/{rel}","templated":true}]}}