{"id":11917,"date":"2023-05-18T11:54:35","date_gmt":"2023-05-18T10:54:35","guid":{"rendered":"https:\/\/site.aeag.pt\/portal\/?page_id=11917"},"modified":"2024-07-13T11:54:04","modified_gmt":"2024-07-13T10:54:04","slug":"servicos-de-psicologia-e-orientacao","status":"publish","type":"page","link":"https:\/\/aeag.pt\/portal\/servicos-de-psicologia-e-orientacao\/","title":{"rendered":"Servi\u00e7os de Psicologia e Orienta\u00e7\u00e3o"},"content":{"rendered":"\t\t<div data-elementor-type=\"wp-page\" data-elementor-id=\"11917\" class=\"elementor elementor-11917\">\n\t\t\t\t\t\t<section class=\"elementor-section elementor-top-section elementor-element elementor-element-519bab0 elementor-section-content-top elementor-section-boxed elementor-section-height-default elementor-section-height-default\" data-id=\"519bab0\" data-element_type=\"section\" data-e-type=\"section\">\n\t\t\t\t\t\t<div class=\"elementor-container elementor-column-gap-custom\">\n\t\t\t\t\t<div class=\"elementor-column elementor-col-100 elementor-top-column elementor-element elementor-element-7810e4c\" data-id=\"7810e4c\" data-element_type=\"column\" data-e-type=\"column\">\n\t\t\t<div class=\"elementor-widget-wrap elementor-element-populated\">\n\t\t\t\t\t\t<div class=\"elementor-element elementor-element-46ab4ad elementor-widget thim-ekits-heading elementor-widget-thim-heading\" data-id=\"46ab4ad\" data-element_type=\"widget\" data-e-type=\"widget\" data-widget_type=\"thim-heading.default\">\n\t\t\t\t<div class=\"elementor-widget-container\">\n\t\t\t\t\t<div class=\"sc_heading\"><h2 class=\"title\"><a href=\"https:\/\/spo.aeag.pt\/\">Servi\u00e7os de Psicologia e Orienta\u00e7\u00e3o<\/a> <\/h2><div class=\"sub-heading\"><p>Os servi\u00e7os de psicologia e orienta\u00e7\u00e3o (SPO) s\u00e3o um servi\u00e7o t\u00e9cnico-pedag\u00f3gico que atua ao n\u00edvel da educa\u00e7\u00e3o, da sa\u00fade e bem-estar e do emprego e equidade social.<\/p>\n<\/div><\/div>\t\t\t\t<\/div>\n\t\t\t\t<\/div>\n\t\t\t\t<div class=\"elementor-element elementor-element-6edb093 elementor-widget thim-ekits-heading elementor-widget-thim-heading\" data-id=\"6edb093\" data-element_type=\"widget\" data-e-type=\"widget\" data-widget_type=\"thim-heading.default\">\n\t\t\t\t<div class=\"elementor-widget-container\">\n\t\t\t\t\t<div class=\"sc_heading\"><h4 class=\"title\">Hor\u00e1rio de funcionamento <\/h4><\/div>\t\t\t\t<\/div>\n\t\t\t\t<\/div>\n\t\t\t\t<div class=\"elementor-element elementor-element-2e19482 elementor-widget thim-ekits-heading elementor-widget-thim-heading\" data-id=\"2e19482\" data-element_type=\"widget\" data-e-type=\"widget\" data-widget_type=\"thim-heading.default\">\n\t\t\t\t<div class=\"elementor-widget-container\">\n\t\t\t\t\t<div class=\"sc_heading\"><div class=\"sub-heading\"><p><b>Escolas do Agrupamento Dr. Ant\u00f3nio Granjo<\/b><br \/>\n das 9:00h \u00e0s 17:00h<\/p>\n<\/div><\/div>\t\t\t\t<\/div>\n\t\t\t\t<\/div>\n\t\t\t\t<div class=\"elementor-element elementor-element-5e9ca04 elementor-widget thim-ekits-heading elementor-widget-thim-heading\" data-id=\"5e9ca04\" data-element_type=\"widget\" data-e-type=\"widget\" data-widget_type=\"thim-heading.default\">\n\t\t\t\t<div class=\"elementor-widget-container\">\n\t\t\t\t\t<div class=\"sc_heading\"><div class=\"sub-heading\"><p>Para mais informa\u00e7\u00f5es consultar,<\/p>\n<\/div><\/div>\t\t\t\t<\/div>\n\t\t\t\t<\/div>\n\t\t\t\t<div class=\"elementor-element elementor-element-3ec516e elementor-widget elementor-widget-thim-ekits-header-info\" data-id=\"3ec516e\" data-element_type=\"widget\" data-e-type=\"widget\" data-widget_type=\"thim-ekits-header-info.default\">\n\t\t\t\t<div class=\"elementor-widget-container\">\n\t\t\t\t\t\t\t<div class=\"header-info-swapper\">\n\t\t\t<ul class=\"thim-header-info\">\n\t\t\t\t\t\t\t\t\t\t<li>\n\t\t\t\t\t\t\t\t\t\t\t\t\t\t<a href=\"https:\/\/spo.aeag.pt\/\" target=\"_blank\">\n\t\t\t\t\t\t\t\t\t\t\t\t\t\t\t\t\n\t\t\t\t\t\t\t\tP\u00e1gina Oficial do Servi\u00e7o de Psicologia e Orienta\u00e7\u00e3o\u200b\n\t\t\t\t\t\t\t\t\t\t\t\t\t\t\t<\/a>\n\t\t\t\t\t\t\t\t\t\t\t\t<\/li>\n\t\t\t\t\t\t\t\t\t<\/ul>\n\t\t<\/div>\n\t\t\t\t\t\t<\/div>\n\t\t\t\t<\/div>\n\t\t\t\t<div class=\"elementor-element elementor-element-884fe08 elementor-widget elementor-widget-thim-single-images\" data-id=\"884fe08\" data-element_type=\"widget\" data-e-type=\"widget\" data-widget_type=\"thim-single-images.default\">\n\t\t\t\t<div class=\"elementor-widget-container\">\n\t\t\t\t\t<div class=\"single-image template-base\"><img fetchpriority=\"high\" decoding=\"async\" width=\"433\" height=\"577\" src=\"https:\/\/aeag.pt\/portal\/wp-content\/uploads\/2023\/12\/psicologia.jpeg\" class=\"attachment-full size-full\" alt=\"Servi\u00e7o de Psicologia e Orienta\u00e7\u00e3o\" srcset=\"https:\/\/aeag.pt\/portal\/wp-content\/uploads\/2023\/12\/psicologia.jpeg 433w, https:\/\/aeag.pt\/portal\/wp-content\/uploads\/2023\/12\/psicologia-225x300.jpeg 225w\" sizes=\"(max-width: 433px) 100vw, 433px\" \/><\/div>\t\t\t\t<\/div>\n\t\t\t\t<\/div>\n\t\t\t\t\t<\/div>\n\t\t<\/div>\n\t\t\t\t\t<\/div>\n\t\t<\/section>\n\t\t\t\t<\/div>\n\t\t","protected":false},"excerpt":{"rendered":"<p>Servi\u00e7os de Psicologia e Orienta\u00e7\u00e3o Os servi\u00e7os de psicologia e orienta\u00e7\u00e3o (SPO) s\u00e3o um servi\u00e7o t\u00e9cnico-pedag\u00f3gico que atua ao n\u00edvel da educa\u00e7\u00e3o, da sa\u00fade e bem-estar e do emprego e equidade social. Hor\u00e1rio de funcionamento Escolas do Agrupamento Dr. Ant\u00f3nio Granjo das 9:00h \u00e0s 17:00h Para mais informa\u00e7\u00f5es consultar, P\u00e1gina &hellip; <\/p>\n","protected":false},"author":1,"featured_media":0,"parent":0,"menu_order":0,"comment_status":"closed","ping_status":"closed","template":"","meta":{"footnotes":""},"class_list":["post-11917","page","type-page","status-publish","hentry"],"_links":{"self":[{"href":"https:\/\/aeag.pt\/portal\/wp-json\/wp\/v2\/pages\/11917","targetHints":{"allow":["GET"]}}],"collection":[{"href":"https:\/\/aeag.pt\/portal\/wp-json\/wp\/v2\/pages"}],"about":[{"href":"https:\/\/aeag.pt\/portal\/wp-json\/wp\/v2\/types\/page"}],"author":[{"embeddable":true,"href":"https:\/\/aeag.pt\/portal\/wp-json\/wp\/v2\/users\/1"}],"replies":[{"embeddable":true,"href":"https:\/\/aeag.pt\/portal\/wp-json\/wp\/v2\/comments?post=11917"}],"version-history":[{"count":0,"href":"https:\/\/aeag.pt\/portal\/wp-json\/wp\/v2\/pages\/11917\/revisions"}],"wp:attachment":[{"href":"https:\/\/aeag.pt\/portal\/wp-json\/wp\/v2\/media?parent=11917"}],"curies":[{"name":"wp","href":"https:\/\/api.w.org\/{rel}","templated":true}]}}