{"id":10911,"date":"2022-12-07T01:29:04","date_gmt":"2022-12-07T00:29:04","guid":{"rendered":"https:\/\/eduma.thimpress.com\/demo-grad-school\/?page_id=10911"},"modified":"2026-04-13T15:36:23","modified_gmt":"2026-04-13T14:36:23","slug":"orgaos","status":"publish","type":"page","link":"https:\/\/aeag.pt\/portal\/orgaos\/","title":{"rendered":"\u00d3rg\u00e3os de Administra\u00e7\u00e3o e Gest\u00e3o"},"content":{"rendered":"\t\t<div data-elementor-type=\"wp-page\" data-elementor-id=\"10911\" class=\"elementor elementor-10911\">\n\t\t\t\t\t\t<section class=\"elementor-section elementor-top-section elementor-element elementor-element-616498dd elementor-section-boxed elementor-section-height-default elementor-section-height-default\" data-id=\"616498dd\" data-element_type=\"section\" data-e-type=\"section\">\n\t\t\t\t\t\t<div class=\"elementor-container elementor-column-gap-default\">\n\t\t\t\t\t<div class=\"elementor-column elementor-col-50 elementor-top-column elementor-element elementor-element-103399e1\" data-id=\"103399e1\" data-element_type=\"column\" data-e-type=\"column\">\n\t\t\t<div class=\"elementor-widget-wrap elementor-element-populated\">\n\t\t\t\t\t\t<div class=\"elementor-element elementor-element-45fd5ff5 elementor-widget__width-initial elementor-widget thim-ekits-heading elementor-widget-thim-heading\" data-id=\"45fd5ff5\" data-element_type=\"widget\" data-e-type=\"widget\" data-widget_type=\"thim-heading.default\">\n\t\t\t\t<div class=\"elementor-widget-container\">\n\t\t\t\t\t<div class=\"sc_heading\"><h3 class=\"title\">Agrupamento de Escolas Dr. Ant\u00f3nio Granjo <\/h3><\/div>\t\t\t\t<\/div>\n\t\t\t\t<\/div>\n\t\t\t\t<div class=\"elementor-element elementor-element-78cbb3a elementor-widget thim-ekits-heading elementor-widget-thim-heading\" data-id=\"78cbb3a\" data-element_type=\"widget\" data-e-type=\"widget\" data-widget_type=\"thim-heading.default\">\n\t\t\t\t<div class=\"elementor-widget-container\">\n\t\t\t\t\t<div class=\"sc_heading\"><h3 class=\"title\">Composi\u00e7\u00e3o da Dire\u00e7\u00e3o <\/h3><div class=\"sub-heading\"><p><b>Diretora<\/b>:  Ana Paula Coelho Belo Fernandes Carvalho<br \/>\n<b>SubDiretora<\/b>:  Cristina Maria Almeida Carvalho Saavedra Machado<br \/>\n<b>Adjuntos<\/b>:  Ricardo Miguel dos Anjos Fontes<br \/>\n \u00a0\u00a0\u00a0\u00a0\u00a0\u00a0\u00a0\u00a0\u00a0\u00a0\u00a0\u00a0\u00a0\u00a0\u00a0\u00a0\u00a0\u00a0Anabela Clara de Almeida Garcia<br \/>\n\u00a0\u00a0\u00a0\u00a0\u00a0\u00a0\u00a0\u00a0\u00a0\u00a0\u00a0\u00a0\u00a0\u00a0\u00a0\u00a0\u00a0\u00a0Ana\u00efr Maria Borges Lopes Leite<\/p>\n<\/div><\/div>\t\t\t\t<\/div>\n\t\t\t\t<\/div>\n\t\t\t\t<div class=\"elementor-element elementor-element-7537184 elementor-widget elementor-widget-thim-ekits-header-info\" data-id=\"7537184\" data-element_type=\"widget\" data-e-type=\"widget\" data-widget_type=\"thim-ekits-header-info.default\">\n\t\t\t\t<div class=\"elementor-widget-container\">\n\t\t\t\t\t\t\t<div class=\"header-info-swapper\">\n\t\t\t<ul class=\"thim-header-info\">\n\t\t\t\t\t\t\t\t\t\t<li>\n\t\t\t\t\t\t\t\t\t\t\t\t\t\t\t\n\t\t\t\t\t\t\t\t Composi\u00e7\u00e3o do Conselho Geral\n\t\t\t\t\t\t\t\t\t\t\t\t\t\t<\/li>\n\t\t\t\t\t\t\t\t\t<\/ul>\n\t\t<\/div>\n\t\t\t\t\t\t<\/div>\n\t\t\t\t<\/div>\n\t\t\t\t<div class=\"elementor-element elementor-element-826b7b2 elementor-widget thim-ekits-heading elementor-widget-thim-heading\" data-id=\"826b7b2\" data-element_type=\"widget\" data-e-type=\"widget\" data-widget_type=\"thim-heading.default\">\n\t\t\t\t<div class=\"elementor-widget-container\">\n\t\t\t\t\t<div class=\"sc_heading\"><div class=\"sub-heading\"><p>M\u00aa Nancy da Costa Morgado Loureiro<br \/>\nM\u00aa de F\u00e1tima Teixeira Correia<br \/>\nDeolinda M\u00aa Jesus Fernandes  Santos Pereira<br \/>\nMarlene Andreia Moreira Duarte<br \/>\nM\u00aa Fernanda Machado Aguieiras<br \/>\nHelena M\u00aa Ferro Alves<br \/>\nAna M\u00aa Teixeira Pereira<br \/>\nElisabete Paulo Gon\u00e7alves Pires<\/p>\n<\/div><\/div>\t\t\t\t<\/div>\n\t\t\t\t<\/div>\n\t\t\t\t<div class=\"elementor-element elementor-element-bb57603 elementor-widget thim-ekits-heading elementor-widget-thim-heading\" data-id=\"bb57603\" data-element_type=\"widget\" data-e-type=\"widget\" data-widget_type=\"thim-heading.default\">\n\t\t\t\t<div class=\"elementor-widget-container\">\n\t\t\t\t\t<div class=\"sc_heading\"><h3 class=\"title\">Assistentes Operacionais\/Pessoal N\u00e3o  Docente <\/h3><div class=\"sub-heading\"><p>Filomena de Jesus Teixeira<br \/>\nBeatriz Teixeira Chaves<\/p>\n<\/div><\/div>\t\t\t\t<\/div>\n\t\t\t\t<\/div>\n\t\t\t\t<div class=\"elementor-element elementor-element-52c055b elementor-widget thim-ekits-heading elementor-widget-thim-heading\" data-id=\"52c055b\" data-element_type=\"widget\" data-e-type=\"widget\" data-widget_type=\"thim-heading.default\">\n\t\t\t\t<div class=\"elementor-widget-container\">\n\t\t\t\t\t<div class=\"sc_heading\"><h3 class=\"title\">Pais e Encarregados de Educa\u00e7\u00e3o <\/h3><div class=\"sub-heading\"><p>Francisco Amaro<br \/>\nT\u00e2nia Andreia da Silva Amaro Raposo<br \/>\nAna Cristina Avelelas Mairos Ferreira<br \/>\nAnt\u00f3nio Augusto Melo Rodrigues<br \/>\nSara Marina Gundar Martins Anjos<\/p>\n<\/div><\/div>\t\t\t\t<\/div>\n\t\t\t\t<\/div>\n\t\t\t\t<div class=\"elementor-element elementor-element-bca4de8 elementor-widget thim-ekits-heading elementor-widget-thim-heading\" data-id=\"bca4de8\" data-element_type=\"widget\" data-e-type=\"widget\" data-widget_type=\"thim-heading.default\">\n\t\t\t\t<div class=\"elementor-widget-container\">\n\t\t\t\t\t<div class=\"sc_heading\"><h3 class=\"title\">Alunos <\/h3><div class=\"sub-heading\"><p>Beatriz Borges Guedes<br \/>\nDiana Andreia Teixeira Rodrigues<\/p>\n<\/div><\/div>\t\t\t\t<\/div>\n\t\t\t\t<\/div>\n\t\t\t\t<div class=\"elementor-element elementor-element-52b14e9 elementor-widget thim-ekits-heading elementor-widget-thim-heading\" data-id=\"52b14e9\" data-element_type=\"widget\" data-e-type=\"widget\" data-widget_type=\"thim-heading.default\">\n\t\t\t\t<div class=\"elementor-widget-container\">\n\t\t\t\t\t<div class=\"sc_heading\"><h3 class=\"title\">Representantes do Munic\u00edpio, C.M. de Chaves <\/h3><div class=\"sub-heading\"><p>Tiago Jos\u00e9 da Mata Morais Caldas<br \/>\nPaula Fernanda da Mota Chaves<\/p>\n<\/div><\/div>\t\t\t\t<\/div>\n\t\t\t\t<\/div>\n\t\t\t\t<div class=\"elementor-element elementor-element-062442c elementor-widget thim-ekits-heading elementor-widget-thim-heading\" data-id=\"062442c\" data-element_type=\"widget\" data-e-type=\"widget\" data-widget_type=\"thim-heading.default\">\n\t\t\t\t<div class=\"elementor-widget-container\">\n\t\t\t\t\t<div class=\"sc_heading\"><h3 class=\"title\">Representantes da Comunidade Local <\/h3><div class=\"sub-heading\"><p>Escola de M\u00fasica Intermezzo \u2013Tiago Vidago<br \/>\n IPB \u2013 Maria Jos\u00e9 Gon\u00e7alves Alves<\/p>\n<\/div><\/div>\t\t\t\t<\/div>\n\t\t\t\t<\/div>\n\t\t\t\t<div class=\"elementor-element elementor-element-0c31ca1 elementor-widget thim-ekits-heading elementor-widget-thim-heading\" data-id=\"0c31ca1\" data-element_type=\"widget\" data-e-type=\"widget\" data-widget_type=\"thim-heading.default\">\n\t\t\t\t<div class=\"elementor-widget-container\">\n\t\t\t\t\t<div class=\"sc_heading\"><h3 class=\"title\">Diretora AEAG <\/h3><div class=\"sub-heading\"><p>Ana Paula Coelho Belo Fernandes Carvalho<\/p>\n<\/div><\/div>\t\t\t\t<\/div>\n\t\t\t\t<\/div>\n\t\t\t\t<div class=\"elementor-element elementor-element-eb98894 elementor-widget thim-ekits-heading elementor-widget-thim-heading\" data-id=\"eb98894\" data-element_type=\"widget\" data-e-type=\"widget\" data-widget_type=\"thim-heading.default\">\n\t\t\t\t<div class=\"elementor-widget-container\">\n\t\t\t\t\t<div class=\"sc_heading\"><h3 class=\"title\">Presidente do Conselho Geral  <\/h3><div class=\"sub-heading\"><p>M\u00aa Nancy da Costa Morgado Loureiro<\/p>\n<\/div><\/div>\t\t\t\t<\/div>\n\t\t\t\t<\/div>\n\t\t\t\t<div class=\"elementor-element elementor-element-d682c41 elementor-widget elementor-widget-thim-ekits-header-info\" data-id=\"d682c41\" data-element_type=\"widget\" data-e-type=\"widget\" data-widget_type=\"thim-ekits-header-info.default\">\n\t\t\t\t<div class=\"elementor-widget-container\">\n\t\t\t\t\t\t\t<div class=\"header-info-swapper\">\n\t\t\t<ul class=\"thim-header-info\">\n\t\t\t\t\t\t\t\t\t\t<li>\n\t\t\t\t\t\t\t\t\t\t\t\t\t\t\t\t\t\t\t\t\t\t\t\t<span>\n\t\t\t\t\t\t\t\t\t<svg aria-hidden=\"true\" class=\"e-font-icon-svg e-fas-book-open\" viewBox=\"0 0 576 512\" xmlns=\"http:\/\/www.w3.org\/2000\/svg\"><path d=\"M542.22 32.05c-54.8 3.11-163.72 14.43-230.96 55.59-4.64 2.84-7.27 7.89-7.27 13.17v363.87c0 11.55 12.63 18.85 23.28 13.49 69.18-34.82 169.23-44.32 218.7-46.92 16.89-.89 30.02-14.43 30.02-30.66V62.75c.01-17.71-15.35-31.74-33.77-30.7zM264.73 87.64C197.5 46.48 88.58 35.17 33.78 32.05 15.36 31.01 0 45.04 0 62.75V400.6c0 16.24 13.13 29.78 30.02 30.66 49.49 2.6 149.59 12.11 218.77 46.95 10.62 5.35 23.21-1.94 23.21-13.46V100.63c0-5.29-2.62-10.14-7.27-12.99z\"><\/path><\/svg>\t\t\t\t\t\t\t\t<\/span>\n\t\t\t\t\t\t\t\t\n\t\t\t\t\t\t\t\t Minutas - Conselho Geral\n\t\t\t\t\t\t\t\t\t\t\t\t\t\t<\/li>\n\t\t\t\t\t\t\t\t\t<\/ul>\n\t\t<\/div>\n\t\t\t\t\t\t<\/div>\n\t\t\t\t<\/div>\n\t\t\t\t<div class=\"elementor-element elementor-element-61ac91e elementor-widget thim-ekits-heading elementor-widget-thim-heading\" data-id=\"61ac91e\" data-element_type=\"widget\" data-e-type=\"widget\" data-widget_type=\"thim-heading.default\">\n\t\t\t\t<div class=\"elementor-widget-container\">\n\t\t\t\t\t<div class=\"sc_heading\"><h3 class=\"title\">Minuta da Reuni\u00e3o de 03 Fevereiro 2026 <\/h3><div class=\"sub-heading\"><p>Resumo da Reuni\u00e3o <a href=\"https:\/\/aeag.pt\/portal\/documentos\/AEAG\/Minuta_CG_03_02_2026.pdf\" target=\"_blank\"><b>aqui!<\/b><\/a><\/p>\n<\/div><\/div>\t\t\t\t<\/div>\n\t\t\t\t<\/div>\n\t\t\t\t<div class=\"elementor-element elementor-element-818240b elementor-widget thim-ekits-heading elementor-widget-thim-heading\" data-id=\"818240b\" data-element_type=\"widget\" data-e-type=\"widget\" data-widget_type=\"thim-heading.default\">\n\t\t\t\t<div class=\"elementor-widget-container\">\n\t\t\t\t\t<div class=\"sc_heading\"><h3 class=\"title\">Minuta da Reuni\u00e3o de 25 de Mar\u00e7o 2026 <\/h3><div class=\"sub-heading\"><p>Resumo da Reuni\u00e3o <a href=\"https:\/\/aeag.pt\/portal\/documentos\/AEAG\/Minuta-da-Reuni\u00e3o-25marco-2026.pdf\" target=\"_blank\"><b>aqui!<\/b><\/a><\/p>\n<\/div><\/div>\t\t\t\t<\/div>\n\t\t\t\t<\/div>\n\t\t\t\t<div class=\"elementor-element elementor-element-e73de7c elementor-widget elementor-widget-thim-ekits-header-info\" data-id=\"e73de7c\" data-element_type=\"widget\" data-e-type=\"widget\" data-widget_type=\"thim-ekits-header-info.default\">\n\t\t\t\t<div class=\"elementor-widget-container\">\n\t\t\t\t\t\t\t<div class=\"header-info-swapper\">\n\t\t\t<ul class=\"thim-header-info\">\n\t\t\t\t\t\t\t\t\t\t<li>\n\t\t\t\t\t\t\t\t\t\t\t\t\t\t\t\n\t\t\t\t\t\t\t\tConselho Pedag\u00f3gico\n\t\t\t\t\t\t\t\t\t\t\t\t\t\t<\/li>\n\t\t\t\t\t\t\t\t\t<\/ul>\n\t\t<\/div>\n\t\t\t\t\t\t<\/div>\n\t\t\t\t<\/div>\n\t\t\t\t<div class=\"elementor-element elementor-element-b7c5365 elementor-widget thim-ekits-heading elementor-widget-thim-heading\" data-id=\"b7c5365\" data-element_type=\"widget\" data-e-type=\"widget\" data-widget_type=\"thim-heading.default\">\n\t\t\t\t<div class=\"elementor-widget-container\">\n\t\t\t\t\t<div class=\"sc_heading\"><h3 class=\"title\">Diretora do Agrupamento <\/h3><div class=\"sub-heading\"><p>Ana Paula Coelho Belo Fernandes Carvalho<\/p>\n<\/div><\/div>\t\t\t\t<\/div>\n\t\t\t\t<\/div>\n\t\t\t\t<div class=\"elementor-element elementor-element-a5de1e2 elementor-widget thim-ekits-heading elementor-widget-thim-heading\" data-id=\"a5de1e2\" data-element_type=\"widget\" data-e-type=\"widget\" data-widget_type=\"thim-heading.default\">\n\t\t\t\t<div class=\"elementor-widget-container\">\n\t\t\t\t\t<div class=\"sc_heading\"><h3 class=\"title\">Coordenadora do Departamento da Educa\u00e7\u00e3o do Pr\u00e9-escolar <\/h3><div class=\"sub-heading\"><p>M\u00aa Lu\u00edsa Rodrigues Moutinho Cacha\u00e7o<\/p>\n<\/div><\/div>\t\t\t\t<\/div>\n\t\t\t\t<\/div>\n\t\t\t\t<div class=\"elementor-element elementor-element-b8508e7 elementor-widget thim-ekits-heading elementor-widget-thim-heading\" data-id=\"b8508e7\" data-element_type=\"widget\" data-e-type=\"widget\" data-widget_type=\"thim-heading.default\">\n\t\t\t\t<div class=\"elementor-widget-container\">\n\t\t\t\t\t<div class=\"sc_heading\"><h3 class=\"title\">Coordenadora do Departamento do 1\u00ba Ciclo do Ensino B\u00e1sico <\/h3><div class=\"sub-heading\"><p>Cristina Maria Afonso Teixeira<\/p>\n<\/div><\/div>\t\t\t\t<\/div>\n\t\t\t\t<\/div>\n\t\t\t\t\t<\/div>\n\t\t<\/div>\n\t\t\t\t<div class=\"elementor-column elementor-col-50 elementor-top-column elementor-element elementor-element-124daad\" data-id=\"124daad\" data-element_type=\"column\" data-e-type=\"column\">\n\t\t\t<div class=\"elementor-widget-wrap elementor-element-populated\">\n\t\t\t\t\t\t<div class=\"elementor-element elementor-element-5c8d5ad elementor-widget thim-ekits-heading elementor-widget-thim-heading\" data-id=\"5c8d5ad\" data-element_type=\"widget\" data-e-type=\"widget\" data-widget_type=\"thim-heading.default\">\n\t\t\t\t<div class=\"elementor-widget-container\">\n\t\t\t\t\t<div class=\"sc_heading\"><h3 class=\"title\">Coordenador do Departamento da Educa\u00e7\u00e3o Especial <\/h3><div class=\"sub-heading\"><p>Anabela Garcia Martins Santos<\/p>\n<\/div><\/div>\t\t\t\t<\/div>\n\t\t\t\t<\/div>\n\t\t\t\t<div class=\"elementor-element elementor-element-07f286b elementor-widget thim-ekits-heading elementor-widget-thim-heading\" data-id=\"07f286b\" data-element_type=\"widget\" data-e-type=\"widget\" data-widget_type=\"thim-heading.default\">\n\t\t\t\t<div class=\"elementor-widget-container\">\n\t\t\t\t\t<div class=\"sc_heading\"><h3 class=\"title\">Coordenadora do Departamento de L\u00ednguas  <\/h3><div class=\"sub-heading\"><p>D\u00e1ria Dulce Magalh\u00e3es Santos<\/p>\n<\/div><\/div>\t\t\t\t<\/div>\n\t\t\t\t<\/div>\n\t\t\t\t<div class=\"elementor-element elementor-element-cb3de62 elementor-widget thim-ekits-heading elementor-widget-thim-heading\" data-id=\"cb3de62\" data-element_type=\"widget\" data-e-type=\"widget\" data-widget_type=\"thim-heading.default\">\n\t\t\t\t<div class=\"elementor-widget-container\">\n\t\t\t\t\t<div class=\"sc_heading\"><h3 class=\"title\">Coordenadora do Departamento de Matem\u00e1tica e Ci\u00eancias Experimentais  <\/h3><div class=\"sub-heading\"><p>Maria Jo\u00e3o Fernandes Almeida<\/p>\n<\/div><\/div>\t\t\t\t<\/div>\n\t\t\t\t<\/div>\n\t\t\t\t<div class=\"elementor-element elementor-element-5d96704 elementor-widget thim-ekits-heading elementor-widget-thim-heading\" data-id=\"5d96704\" data-element_type=\"widget\" data-e-type=\"widget\" data-widget_type=\"thim-heading.default\">\n\t\t\t\t<div class=\"elementor-widget-container\">\n\t\t\t\t\t<div class=\"sc_heading\"><h3 class=\"title\">Coordenadora do Departamento de Ci\u00eancias Sociais e Humanas  <\/h3><div class=\"sub-heading\"><p>Ana Paula Monteiro da Silva Carvalho<\/p>\n<\/div><\/div>\t\t\t\t<\/div>\n\t\t\t\t<\/div>\n\t\t\t\t<div class=\"elementor-element elementor-element-6390d1e elementor-widget thim-ekits-heading elementor-widget-thim-heading\" data-id=\"6390d1e\" data-element_type=\"widget\" data-e-type=\"widget\" data-widget_type=\"thim-heading.default\">\n\t\t\t\t<div class=\"elementor-widget-container\">\n\t\t\t\t\t<div class=\"sc_heading\"><h3 class=\"title\">Coordenadora do Departamento de Express\u00f5es  <\/h3><div class=\"sub-heading\"><p>Maria Florinda Fontoura Carneiro<\/p>\n<\/div><\/div>\t\t\t\t<\/div>\n\t\t\t\t<\/div>\n\t\t\t\t<div class=\"elementor-element elementor-element-2018903 elementor-widget thim-ekits-heading elementor-widget-thim-heading\" data-id=\"2018903\" data-element_type=\"widget\" data-e-type=\"widget\" data-widget_type=\"thim-heading.default\">\n\t\t\t\t<div class=\"elementor-widget-container\">\n\t\t\t\t\t<div class=\"sc_heading\"><h3 class=\"title\">Coordenador dos Docentes Titulares de Turma   <\/h3><div class=\"sub-heading\"><p>Jos\u00e9 Carlos Pires dos Anjos<\/p>\n<\/div><\/div>\t\t\t\t<\/div>\n\t\t\t\t<\/div>\n\t\t\t\t<div class=\"elementor-element elementor-element-227796c elementor-widget thim-ekits-heading elementor-widget-thim-heading\" data-id=\"227796c\" data-element_type=\"widget\" data-e-type=\"widget\" data-widget_type=\"thim-heading.default\">\n\t\t\t\t<div class=\"elementor-widget-container\">\n\t\t\t\t\t<div class=\"sc_heading\"><h3 class=\"title\">Coordenadora do Conselho de Diretores de Turma do 2\u00ba ciclo <\/h3><div class=\"sub-heading\"><p>Helena Maria Portugal do Canto<\/p>\n<\/div><\/div>\t\t\t\t<\/div>\n\t\t\t\t<\/div>\n\t\t\t\t<div class=\"elementor-element elementor-element-ba4f9d7 elementor-widget thim-ekits-heading elementor-widget-thim-heading\" data-id=\"ba4f9d7\" data-element_type=\"widget\" data-e-type=\"widget\" data-widget_type=\"thim-heading.default\">\n\t\t\t\t<div class=\"elementor-widget-container\">\n\t\t\t\t\t<div class=\"sc_heading\"><h3 class=\"title\">Coordenadora do Conselho de Diretores de Turma do 3\u00ba ciclo  <\/h3><div class=\"sub-heading\"><p>Hort\u00eansia da Concei\u00e7\u00e3o Pereira Quintela<\/p>\n<\/div><\/div>\t\t\t\t<\/div>\n\t\t\t\t<\/div>\n\t\t\t\t<div class=\"elementor-element elementor-element-9aeb780 elementor-widget thim-ekits-heading elementor-widget-thim-heading\" data-id=\"9aeb780\" data-element_type=\"widget\" data-e-type=\"widget\" data-widget_type=\"thim-heading.default\">\n\t\t\t\t<div class=\"elementor-widget-container\">\n\t\t\t\t\t<div class=\"sc_heading\"><h3 class=\"title\">Coordenadora do Conselho de Diretores de Turma do Ensino Secund\u00e1rio <\/h3><div class=\"sub-heading\"><p>Deolinda Rodrigues Cabrera Machado<\/p>\n<\/div><\/div>\t\t\t\t<\/div>\n\t\t\t\t<\/div>\n\t\t\t\t<div class=\"elementor-element elementor-element-9e95bf7 elementor-widget thim-ekits-heading elementor-widget-thim-heading\" data-id=\"9e95bf7\" data-element_type=\"widget\" data-e-type=\"widget\" data-widget_type=\"thim-heading.default\">\n\t\t\t\t<div class=\"elementor-widget-container\">\n\t\t\t\t\t<div class=\"sc_heading\"><h3 class=\"title\">Coordenadora dos Cursos Profissionalmente Qualificantes  <\/h3><div class=\"sub-heading\"><p>Maria Lu\u00edsa Vieira Ribeiro da Bandeirinha<\/p>\n<\/div><\/div>\t\t\t\t<\/div>\n\t\t\t\t<\/div>\n\t\t\t\t<div class=\"elementor-element elementor-element-9fa95f3 elementor-widget thim-ekits-heading elementor-widget-thim-heading\" data-id=\"9fa95f3\" data-element_type=\"widget\" data-e-type=\"widget\" data-widget_type=\"thim-heading.default\">\n\t\t\t\t<div class=\"elementor-widget-container\">\n\t\t\t\t\t<div class=\"sc_heading\"><h3 class=\"title\">Coordenadora das Medidas Educativas <\/h3><div class=\"sub-heading\"><p>Rita Maria Gon\u00e7alves<\/p>\n<\/div><\/div>\t\t\t\t<\/div>\n\t\t\t\t<\/div>\n\t\t\t\t<div class=\"elementor-element elementor-element-d468e7a elementor-widget thim-ekits-heading elementor-widget-thim-heading\" data-id=\"d468e7a\" data-element_type=\"widget\" data-e-type=\"widget\" data-widget_type=\"thim-heading.default\">\n\t\t\t\t<div class=\"elementor-widget-container\">\n\t\t\t\t\t<div class=\"sc_heading\"><h3 class=\"title\">Coordenadora de Projetos <\/h3><div class=\"sub-heading\"><p>Ana Maria Pereira Barroso<\/p>\n<\/div><\/div>\t\t\t\t<\/div>\n\t\t\t\t<\/div>\n\t\t\t\t<div class=\"elementor-element elementor-element-085fce8 elementor-widget thim-ekits-heading elementor-widget-thim-heading\" data-id=\"085fce8\" data-element_type=\"widget\" data-e-type=\"widget\" data-widget_type=\"thim-heading.default\">\n\t\t\t\t<div class=\"elementor-widget-container\">\n\t\t\t\t\t<div class=\"sc_heading\"><h3 class=\"title\">Coordenador da equipa da Biblioteca Escolar  <\/h3><div class=\"sub-heading\"><p>Ana L\u00eddia Fernandes Lopes<\/p>\n<\/div><\/div>\t\t\t\t<\/div>\n\t\t\t\t<\/div>\n\t\t\t\t<div class=\"elementor-element elementor-element-61c4a77 elementor-widget elementor-widget-thim-ekits-header-info\" data-id=\"61c4a77\" data-element_type=\"widget\" data-e-type=\"widget\" data-widget_type=\"thim-ekits-header-info.default\">\n\t\t\t\t<div class=\"elementor-widget-container\">\n\t\t\t\t\t\t\t<div class=\"header-info-swapper\">\n\t\t\t<ul class=\"thim-header-info\">\n\t\t\t\t\t\t\t\t\t\t<li>\n\t\t\t\t\t\t\t\t\t\t\t\t\t\t\t\n\t\t\t\t\t\t\t\tConselho Administrativo\n\t\t\t\t\t\t\t\t\t\t\t\t\t\t<\/li>\n\t\t\t\t\t\t\t\t\t<\/ul>\n\t\t<\/div>\n\t\t\t\t\t\t<\/div>\n\t\t\t\t<\/div>\n\t\t\t\t<div class=\"elementor-element elementor-element-6a28300 elementor-widget thim-ekits-heading elementor-widget-thim-heading\" data-id=\"6a28300\" data-element_type=\"widget\" data-e-type=\"widget\" data-widget_type=\"thim-heading.default\">\n\t\t\t\t<div class=\"elementor-widget-container\">\n\t\t\t\t\t<div class=\"sc_heading\"><h3 class=\"title\">Presidente <\/h3><div class=\"sub-heading\"><p>Ana Paula Coelho Belo Fernandes Carvalho<\/p>\n<\/div><\/div>\t\t\t\t<\/div>\n\t\t\t\t<\/div>\n\t\t\t\t<div class=\"elementor-element elementor-element-fb22bde elementor-widget thim-ekits-heading elementor-widget-thim-heading\" data-id=\"fb22bde\" data-element_type=\"widget\" data-e-type=\"widget\" data-widget_type=\"thim-heading.default\">\n\t\t\t\t<div class=\"elementor-widget-container\">\n\t\t\t\t\t<div class=\"sc_heading\"><h3 class=\"title\">Vice-presidente <\/h3><div class=\"sub-heading\"><p>Ricardo Miguel dos Anjos Fontes<\/p>\n<\/div><\/div>\t\t\t\t<\/div>\n\t\t\t\t<\/div>\n\t\t\t\t<div class=\"elementor-element elementor-element-6475c7e elementor-widget thim-ekits-heading elementor-widget-thim-heading\" data-id=\"6475c7e\" data-element_type=\"widget\" data-e-type=\"widget\" data-widget_type=\"thim-heading.default\">\n\t\t\t\t<div class=\"elementor-widget-container\">\n\t\t\t\t\t<div class=\"sc_heading\"><h3 class=\"title\">Secret\u00e1ria <\/h3><div class=\"sub-heading\"><p>Mariana da Gl\u00f3ria Pires de Freitas Parada<\/p>\n<\/div><\/div>\t\t\t\t<\/div>\n\t\t\t\t<\/div>\n\t\t\t\t\t<\/div>\n\t\t<\/div>\n\t\t\t\t\t<\/div>\n\t\t<\/section>\n\t\t\t\t<\/div>\n\t\t","protected":false},"excerpt":{"rendered":"<p>Agrupamento de Escolas Dr. Ant\u00f3nio Granjo Composi\u00e7\u00e3o da Dire\u00e7\u00e3o Diretora: Ana Paula Coelho Belo Fernandes Carvalho SubDiretora: Cristina Maria Almeida Carvalho Saavedra Machado Adjuntos: Ricardo Miguel dos Anjos Fontes \u00a0\u00a0\u00a0\u00a0\u00a0\u00a0\u00a0\u00a0\u00a0\u00a0\u00a0\u00a0\u00a0\u00a0\u00a0\u00a0\u00a0\u00a0Anabela Clara de Almeida Garcia \u00a0\u00a0\u00a0\u00a0\u00a0\u00a0\u00a0\u00a0\u00a0\u00a0\u00a0\u00a0\u00a0\u00a0\u00a0\u00a0\u00a0\u00a0Ana\u00efr Maria Borges Lopes Leite Composi\u00e7\u00e3o do Conselho Geral M\u00aa Nancy da Costa Morgado Loureiro M\u00aa &hellip; <\/p>\n","protected":false},"author":1,"featured_media":0,"parent":0,"menu_order":0,"comment_status":"closed","ping_status":"closed","template":"elementor_theme","meta":{"footnotes":""},"class_list":["post-10911","page","type-page","status-publish","hentry"],"_links":{"self":[{"href":"https:\/\/aeag.pt\/portal\/wp-json\/wp\/v2\/pages\/10911","targetHints":{"allow":["GET"]}}],"collection":[{"href":"https:\/\/aeag.pt\/portal\/wp-json\/wp\/v2\/pages"}],"about":[{"href":"https:\/\/aeag.pt\/portal\/wp-json\/wp\/v2\/types\/page"}],"author":[{"embeddable":true,"href":"https:\/\/aeag.pt\/portal\/wp-json\/wp\/v2\/users\/1"}],"replies":[{"embeddable":true,"href":"https:\/\/aeag.pt\/portal\/wp-json\/wp\/v2\/comments?post=10911"}],"version-history":[{"count":39,"href":"https:\/\/aeag.pt\/portal\/wp-json\/wp\/v2\/pages\/10911\/revisions"}],"predecessor-version":[{"id":30931,"href":"https:\/\/aeag.pt\/portal\/wp-json\/wp\/v2\/pages\/10911\/revisions\/30931"}],"wp:attachment":[{"href":"https:\/\/aeag.pt\/portal\/wp-json\/wp\/v2\/media?parent=10911"}],"curies":[{"name":"wp","href":"https:\/\/api.w.org\/{rel}","templated":true}]}}