{"id":10711,"date":"2022-12-06T03:44:37","date_gmt":"2022-12-06T02:44:37","guid":{"rendered":"https:\/\/eduma.thimpress.com\/demo-grad-school\/?page_id=10711"},"modified":"2024-11-13T21:14:50","modified_gmt":"2024-11-13T20:14:50","slug":"historia-patrono","status":"publish","type":"page","link":"https:\/\/aeag.pt\/portal\/historia-patrono\/","title":{"rendered":"Hist\u00f3ria e Patrono"},"content":{"rendered":"\t\t<div data-elementor-type=\"wp-page\" data-elementor-id=\"10711\" class=\"elementor elementor-10711\">\n\t\t\t\t\t\t<section class=\"elementor-section elementor-top-section elementor-element elementor-element-5fd35957 elementor-section-height-min-height elementor-section-items-bottom elementor-section-stretched elementor-section-boxed elementor-section-height-default\" data-id=\"5fd35957\" data-element_type=\"section\" data-e-type=\"section\" data-settings=\"{&quot;stretch_section&quot;:&quot;section-stretched&quot;,&quot;background_background&quot;:&quot;classic&quot;}\">\n\t\t\t\t\t\t\t<div class=\"elementor-background-overlay\"><\/div>\n\t\t\t\t\t\t\t<div class=\"elementor-container elementor-column-gap-custom\">\n\t\t\t\t\t<div class=\"elementor-column elementor-col-100 elementor-top-column elementor-element elementor-element-9677b60\" data-id=\"9677b60\" data-element_type=\"column\" data-e-type=\"column\">\n\t\t\t<div class=\"elementor-widget-wrap elementor-element-populated\">\n\t\t\t\t\t\t<div class=\"elementor-element elementor-element-31e618a elementor-widget elementor-widget-thim-ekits-header-info\" data-id=\"31e618a\" data-element_type=\"widget\" data-e-type=\"widget\" data-widget_type=\"thim-ekits-header-info.default\">\n\t\t\t\t<div class=\"elementor-widget-container\">\n\t\t\t\t\t\t\t<div class=\"header-info-swapper\">\n\t\t\t<ul class=\"thim-header-info\">\n\t\t\t\t\t\t\t\t\t\t<li>\n\t\t\t\t\t\t\t\t\t\t\t\t\t\t\t\n\t\t\t\t\t\t\t\tDr. Ant\u00f3nio Joaquim Granjo - 1881-1921\n\t\t\t\t\t\t\t\t\t\t\t\t\t\t<\/li>\n\t\t\t\t\t\t\t\t\t<\/ul>\n\t\t<\/div>\n\t\t\t\t\t\t<\/div>\n\t\t\t\t<\/div>\n\t\t\t\t\t<\/div>\n\t\t<\/div>\n\t\t\t\t\t<\/div>\n\t\t<\/section>\n\t\t\t\t<section class=\"elementor-section elementor-top-section elementor-element elementor-element-0139744 elementor-section-height-min-height elementor-section-stretched elementor-section-boxed elementor-section-height-default elementor-section-items-middle\" data-id=\"0139744\" data-element_type=\"section\" data-e-type=\"section\" data-settings=\"{&quot;stretch_section&quot;:&quot;section-stretched&quot;,&quot;background_background&quot;:&quot;classic&quot;}\">\n\t\t\t\t\t\t\t<div class=\"elementor-background-overlay\"><\/div>\n\t\t\t\t\t\t\t<div class=\"elementor-container elementor-column-gap-custom\">\n\t\t\t\t\t<div class=\"elementor-column elementor-col-100 elementor-top-column elementor-element elementor-element-e5e6856\" data-id=\"e5e6856\" data-element_type=\"column\" data-e-type=\"column\">\n\t\t\t<div class=\"elementor-widget-wrap elementor-element-populated\">\n\t\t\t\t\t\t<div class=\"elementor-element elementor-element-afa864a elementor-widget elementor-widget-thim-ekits-breadcrumb\" data-id=\"afa864a\" data-element_type=\"widget\" data-e-type=\"widget\" data-widget_type=\"thim-ekits-breadcrumb.default\">\n\t\t\t\t<div class=\"elementor-widget-container\">\n\t\t\t\t\t\n\t\t\t<div class=\"thim-ekit-breadcrumb\">\n\n\t\t\t\tIn\u00edcio\n\t\t\t<\/div>\n\n\t\t\t\t\t\t\t<\/div>\n\t\t\t\t<\/div>\n\t\t\t\t\t<\/div>\n\t\t<\/div>\n\t\t\t\t\t<\/div>\n\t\t<\/section>\n\t\t\t\t<section class=\"elementor-section elementor-top-section elementor-element elementor-element-c77cc3b elementor-section-content-top elementor-section-boxed elementor-section-height-default elementor-section-height-default\" data-id=\"c77cc3b\" data-element_type=\"section\" data-e-type=\"section\">\n\t\t\t\t\t\t<div class=\"elementor-container elementor-column-gap-default\">\n\t\t\t\t\t<div class=\"elementor-column elementor-col-50 elementor-top-column elementor-element elementor-element-a6d5bd0\" data-id=\"a6d5bd0\" data-element_type=\"column\" data-e-type=\"column\">\n\t\t\t<div class=\"elementor-widget-wrap elementor-element-populated\">\n\t\t\t\t\t\t<div class=\"elementor-element elementor-element-b19262f elementor-widget thim-ekits-heading elementor-widget-thim-heading\" data-id=\"b19262f\" data-element_type=\"widget\" data-e-type=\"widget\" data-widget_type=\"thim-heading.default\">\n\t\t\t\t<div class=\"elementor-widget-container\">\n\t\t\t\t\t<div class=\"sc_heading\"><h3 class=\"title\">Hist\u00f3ria e Patrono <\/h3><\/div>\t\t\t\t<\/div>\n\t\t\t\t<\/div>\n\t\t\t\t\t<\/div>\n\t\t<\/div>\n\t\t\t\t<div class=\"elementor-column elementor-col-50 elementor-top-column elementor-element elementor-element-18d2316\" data-id=\"18d2316\" data-element_type=\"column\" data-e-type=\"column\">\n\t\t\t<div class=\"elementor-widget-wrap\">\n\t\t\t\t\t\t\t<\/div>\n\t\t<\/div>\n\t\t\t\t\t<\/div>\n\t\t<\/section>\n\t\t\t\t<section class=\"elementor-section elementor-top-section elementor-element elementor-element-f48c01c elementor-section-boxed elementor-section-height-default elementor-section-height-default\" data-id=\"f48c01c\" data-element_type=\"section\" data-e-type=\"section\">\n\t\t\t\t\t\t<div class=\"elementor-container elementor-column-gap-default\">\n\t\t\t\t\t<div class=\"elementor-column elementor-col-50 elementor-top-column elementor-element elementor-element-11ab9d6\" data-id=\"11ab9d6\" data-element_type=\"column\" data-e-type=\"column\">\n\t\t\t<div class=\"elementor-widget-wrap elementor-element-populated\">\n\t\t\t\t\t\t<div class=\"elementor-element elementor-element-3658b7a elementor-widget thim-ekits-heading elementor-widget-thim-heading\" data-id=\"3658b7a\" data-element_type=\"widget\" data-e-type=\"widget\" data-widget_type=\"thim-heading.default\">\n\t\t\t\t<div class=\"elementor-widget-container\">\n\t\t\t\t\t<div class=\"sc_heading\"><div class=\"sub-heading\"><p> Ilustre flaviense, \u00e9 um nome da Rep\u00fablica e de Portugal.<br \/>\nHomem franco, rude e generoso, nascido, em Chaves, a 27 de dezembro de 1881.<br \/>\nEstudou em Coimbra, onde obteve, em 1907, o bacharelato em Direito pela Universidade de Coimbra, sendo um dos alunos mais bem classificados do seu curso, tendo exercido advocacia em Chaves.<br \/>\nA 8 de outubro de 1910, foi proclamada a Rep\u00fablica em Chaves, com a sua presen\u00e7a na C\u00e2mara Municipal.<br \/>\nPublicou, em Chaves, o seman\u00e1rio republicano \u201cA Alvorada\u201d e \u201cA Rep\u00fablica\u201d.<br \/>\nIntegrou, em 1911 e 1912, as for\u00e7as Republicanas contra as incurs\u00f5es Mon\u00e1rquicas de Paiva Couceiro.<br \/>\nEm 1911, foi eleito deputado  por Chaves \u00e0 Assembleia Constituinte at\u00e9 1921.<br \/>\nEm 1917, participou na Primeira Guerra Mundial, incorporado no Corpo Expedicion\u00e1rio Portugu\u00eas na Flandres.<br \/>\nEm 1919, estreia-se como Ministro da Justi\u00e7a, foi ainda Ministro da Agricultura, Finan\u00e7as e Com\u00e9rcio.<br \/>\nEm 19 de outubro de 1921, quando ocupava a chefia do Executivo foi assassinado, em Lisboa, na Noite Sangrenta, que ditou a queda do Governo e viria a ditar a queda da Primeira Rep\u00fablica.<\/p>\n<\/div><\/div>\t\t\t\t<\/div>\n\t\t\t\t<\/div>\n\t\t\t\t\t<\/div>\n\t\t<\/div>\n\t\t\t\t<div class=\"elementor-column elementor-col-50 elementor-top-column elementor-element elementor-element-7d986cb\" data-id=\"7d986cb\" data-element_type=\"column\" data-e-type=\"column\" data-settings=\"{&quot;background_background&quot;:&quot;classic&quot;}\">\n\t\t\t<div class=\"elementor-widget-wrap elementor-element-populated\">\n\t\t\t\t\t\t<div class=\"elementor-element elementor-element-5e55842 elementor-widget elementor-widget-thim-single-images\" data-id=\"5e55842\" data-element_type=\"widget\" data-e-type=\"widget\" data-widget_type=\"thim-single-images.default\">\n\t\t\t\t<div class=\"elementor-widget-container\">\n\t\t\t\t\t<div class=\"single-image template-base\"><img fetchpriority=\"high\" decoding=\"async\" width=\"700\" height=\"517\" src=\"https:\/\/aeag.pt\/portal\/wp-content\/uploads\/2023\/12\/antonio_granjo_ministro.jpeg\" class=\"attachment-full size-full\" alt=\"Dr. Antonio Granjo visita a Bucelas\" srcset=\"https:\/\/aeag.pt\/portal\/wp-content\/uploads\/2023\/12\/antonio_granjo_ministro.jpeg 700w, https:\/\/aeag.pt\/portal\/wp-content\/uploads\/2023\/12\/antonio_granjo_ministro-300x222.jpeg 300w\" sizes=\"(max-width: 700px) 100vw, 700px\" \/><\/div>\t\t\t\t<\/div>\n\t\t\t\t<\/div>\n\t\t\t\t\t<\/div>\n\t\t<\/div>\n\t\t\t\t\t<\/div>\n\t\t<\/section>\n\t\t\t\t<section class=\"elementor-section elementor-top-section elementor-element elementor-element-38fbcf1 elementor-section-boxed elementor-section-height-default elementor-section-height-default\" data-id=\"38fbcf1\" data-element_type=\"section\" data-e-type=\"section\">\n\t\t\t\t\t\t<div class=\"elementor-container elementor-column-gap-default\">\n\t\t\t\t\t<div class=\"elementor-column elementor-col-100 elementor-top-column elementor-element elementor-element-78be7ff\" data-id=\"78be7ff\" data-element_type=\"column\" data-e-type=\"column\">\n\t\t\t<div class=\"elementor-widget-wrap elementor-element-populated\">\n\t\t\t\t\t\t<div class=\"elementor-element elementor-element-2b2deb6 elementor-widget__width-auto elementor-widget thim-ekits-heading elementor-widget-thim-heading\" data-id=\"2b2deb6\" data-element_type=\"widget\" data-e-type=\"widget\" data-widget_type=\"thim-heading.default\">\n\t\t\t\t<div class=\"elementor-widget-container\">\n\t\t\t\t\t<div class=\"sc_heading\"><h3 class=\"title\">\u00daltimas Not\u00edcias <\/h3><\/div>\t\t\t\t<\/div>\n\t\t\t\t<\/div>\n\t\t\t\t<div class=\"elementor-element elementor-element-c94bb12 feature-one-post-no elementor-widget elementor-widget-thim-ekits-list-blog\" data-id=\"c94bb12\" data-element_type=\"widget\" data-e-type=\"widget\" data-settings=\"{&quot;slidesPerGroup&quot;:12,&quot;slider_speed&quot;:2000,&quot;slider_show_pagination&quot;:&quot;bullets&quot;,&quot;slider_loop&quot;:&quot;yes&quot;,&quot;slidesPerView_tablet&quot;:2,&quot;slidesPerView&quot;:3,&quot;slidesPerView_mobile&quot;:&quot;2&quot;,&quot;spaceBetween&quot;:30,&quot;spaceBetween_mobile&quot;:&quot;15&quot;,&quot;centered_slides&quot;:&quot;no&quot;}\" data-widget_type=\"thim-ekits-list-blog.default\">\n\t\t\t\t<div class=\"elementor-widget-container\">\n\t\t\t\t\t\t\t\t<div\n\t\t\t\tclass=\"thim-slider-pagination thim-bullets\"><\/div>\n\t\t\n\t\t\t\t\t<div class=\"thim-ekits-post thim-ekits-sliders swiper-container\">\n\t\t\t\t<div class=\"swiper-wrapper\">\n\t\t\t\t\t\t\t<div class=\"thim-ekits-post__article swiper-slide post-4515 post type-post status-publish format-aside hentry category-informacao tag-concluido post_format-post-format-aside\">\n\t\t\t\t\t\t\t\n\t\t\t\t\t\t<div class=\"thim-ekits-post__content\">\n\t\t\t\t<h3 class=\"thim-ekits-post__title\">\n\t\t<a href=\"https:\/\/aeag.pt\/portal\/informacao-dezembro\/\" >\n\t\t\tInforma\u00e7\u00e3o &#8211; Dezembro\t\t<\/a>\n\t\t<\/h3>\n\t\t \t\t<div class=\"thim-ekits-post__meta elementor-repeater-item-6be84c5 m-psi-start \">\n\t\t\t\n\t\t<span class=\"thim-ekits-post__date\">\n\t\t\t\t\t\tDezembro 3, 2023\t\t<\/span>\n\n\t\t\t\t<span class=\"thim-ekits-blog__categories\">\n\t\t\t\t\t\t<a class=\"informacao\"\n\t\t\t   href=\"https:\/\/aeag.pt\/portal\/category\/informacao\/\"\n\t\t\t   title=\"Informa\u00e7\u00e3o\">\n\t\t\t\tInforma\u00e7\u00e3o\t\t\t<\/a>\n\t\t<\/span>\n\t\t\t\t<\/div>\n\n\t\t\n\t\t<div class=\"thim-ekits-post__excerpt\">\n\t\t\tInforma-se que os servi\u00e7os administrativos da Escola Dr. Francisco Gon\u00e7alves Carneiro estar\u00e3o encerrados entre os dias 18 de dezembro e...\t\t<\/div>\n\n\t\t\t\t<a class=\"thim-ekits-post__read-more\"\n\t\t   href=\"https:\/\/aeag.pt\/portal\/informacao-dezembro\/\" >\n\t\t\tLER MAIS\t\t\t\t\t<\/a>\n\t\t\t\t<\/div>\n\t\t\t\t\t\t\t<\/div>\n\t\t\t\t<div class=\"thim-ekits-post__article swiper-slide post-71 post type-post status-publish format-standard hentry category-convocatoria category-informacao tag-concluido\">\n\t\t\t\t\t\t\t\n\t\t\t\t\t\t<div class=\"thim-ekits-post__content\">\n\t\t\t\t<h3 class=\"thim-ekits-post__title\">\n\t\t<a href=\"https:\/\/aeag.pt\/portal\/convocatoria-de-assembleia-geral\/\" >\n\t\t\tAssocia\u00e7\u00e3o de Pais e Encarregados de Educa\u00e7\u00e3o Convocat\u00f3ria de Assembleia Geral\t\t<\/a>\n\t\t<\/h3>\n\t\t \t\t<div class=\"thim-ekits-post__meta elementor-repeater-item-6be84c5 m-psi-start \">\n\t\t\t\n\t\t<span class=\"thim-ekits-post__date\">\n\t\t\t\t\t\tDezembro 7, 2023\t\t<\/span>\n\n\t\t\t\t<span class=\"thim-ekits-blog__categories\">\n\t\t\t\t\t\t<a class=\"convocatoria\"\n\t\t\t   href=\"https:\/\/aeag.pt\/portal\/category\/convocatoria\/\"\n\t\t\t   title=\"Convocat\u00f3ria\">\n\t\t\t\tConvocat\u00f3ria\t\t\t<\/a>\n\t\t<\/span>\n\t\t\t\t<\/div>\n\n\t\t\n\t\t<div class=\"thim-ekits-post__excerpt\">\n\t\t\t... convoca a Assembleia Geral Ordin\u00e1ria de s\u00f3cios da A.P.E.E.A.E.A.G para o dia 21 de Dezembro de 2023 pelas 18:00...\t\t<\/div>\n\n\t\t\t\t<a class=\"thim-ekits-post__read-more\"\n\t\t   href=\"https:\/\/aeag.pt\/portal\/convocatoria-de-assembleia-geral\/\" >\n\t\t\tLER MAIS\t\t\t\t\t<\/a>\n\t\t\t\t<\/div>\n\t\t\t\t\t\t\t<\/div>\n\t\t\t\t<div class=\"thim-ekits-post__article swiper-slide post-54 post type-post status-publish format-image hentry category-concurso category-noticia tag-concluido post_format-post-format-image\">\n\t\t\t\t\t\t\t\n\t\t\t\t\t\t<div class=\"thim-ekits-post__content\">\n\t\t\t\t<h3 class=\"thim-ekits-post__title\">\n\t\t<a href=\"https:\/\/aeag.pt\/portal\/concurso-grupo-420-geografia\/\" >\n\t\t\tAviso de Abertura Concurso &#8211; Contrata\u00e7\u00e3o de Escola Ano Letivo 2023\/2024 &#8211; Grupo 420 \u2013 Geografia\t\t<\/a>\n\t\t<\/h3>\n\t\t \t\t<div class=\"thim-ekits-post__meta elementor-repeater-item-6be84c5 m-psi-start \">\n\t\t\t\n\t\t<span class=\"thim-ekits-post__date\">\n\t\t\t\t\t\tDezembro 27, 2023\t\t<\/span>\n\n\t\t\t\t<span class=\"thim-ekits-blog__categories\">\n\t\t\t\t\t\t<a class=\"concurso\"\n\t\t\t   href=\"https:\/\/aeag.pt\/portal\/category\/concurso\/\"\n\t\t\t   title=\"Concurso\">\n\t\t\t\tConcurso\t\t\t<\/a>\n\t\t<\/span>\n\t\t\t\t<\/div>\n\n\t\t\n\t\t<div class=\"thim-ekits-post__excerpt\">\n\t\t\tNos termos do estabelecido nos artigos 38\u00ba e 39\u00ba do Decreto-Lei n\u00ba. 132\/2012, de 27 de junho, com as altera\u00e7\u00f5es...\t\t<\/div>\n\n\t\t\t\t<a class=\"thim-ekits-post__read-more\"\n\t\t   href=\"https:\/\/aeag.pt\/portal\/concurso-grupo-420-geografia\/\" >\n\t\t\tLER MAIS\t\t\t\t\t<\/a>\n\t\t\t\t<\/div>\n\t\t\t\t\t\t\t<\/div>\n\t\t\t\t<div class=\"thim-ekits-post__article swiper-slide post-4518 post type-post status-publish format-image hentry category-convocatoria category-noticia tag-ativo post_format-post-format-image\">\n\t\t\t\t\t\t\t\n\t\t\t\t\t\t<div class=\"thim-ekits-post__content\">\n\t\t\t\t<h3 class=\"thim-ekits-post__title\">\n\t\t<a href=\"https:\/\/aeag.pt\/portal\/convocatoria-assembleia-geral-pais-encarregados-educacao-2024\/\" >\n\t\t\tConvocat\u00f3ria de Assembleia Geral de Pais e Encarregados de Educa\u00e7\u00e3o 2024\t\t<\/a>\n\t\t<\/h3>\n\t\t \t\t<div class=\"thim-ekits-post__meta elementor-repeater-item-6be84c5 m-psi-start \">\n\t\t\t\n\t\t<span class=\"thim-ekits-post__date\">\n\t\t\t\t\t\tJaneiro 3, 2024\t\t<\/span>\n\n\t\t\t\t<span class=\"thim-ekits-blog__categories\">\n\t\t\t\t\t\t<a class=\"convocatoria\"\n\t\t\t   href=\"https:\/\/aeag.pt\/portal\/category\/convocatoria\/\"\n\t\t\t   title=\"Convocat\u00f3ria\">\n\t\t\t\tConvocat\u00f3ria\t\t\t<\/a>\n\t\t<\/span>\n\t\t\t\t<\/div>\n\n\t\t\n\t\t<div class=\"thim-ekits-post__excerpt\">\n\t\t\tDe acordo com o artigo 14\u00ba do Decreto-Lei n\u00ba 75\/200, de 22 de Abril, convoco a Assembleia Geral de Pais...\t\t<\/div>\n\n\t\t\t\t<a class=\"thim-ekits-post__read-more\"\n\t\t   href=\"https:\/\/aeag.pt\/portal\/convocatoria-assembleia-geral-pais-encarregados-educacao-2024\/\" >\n\t\t\tLER MAIS\t\t\t\t\t<\/a>\n\t\t\t\t<\/div>\n\t\t\t\t\t\t\t<\/div>\n\t\t\t\t<div class=\"thim-ekits-post__article swiper-slide post-59 post type-post status-publish format-standard hentry category-informacao tag-ativo\">\n\t\t\t\t\t\t\t\n\t\t\t\t\t\t<div class=\"thim-ekits-post__content\">\n\t\t\t\t<h3 class=\"thim-ekits-post__title\">\n\t\t<a href=\"https:\/\/aeag.pt\/portal\/informacao\/\" >\n\t\t\tInforma\u00e7\u00e3o\t\t<\/a>\n\t\t<\/h3>\n\t\t \t\t<div class=\"thim-ekits-post__meta elementor-repeater-item-6be84c5 m-psi-start \">\n\t\t\t\n\t\t<span class=\"thim-ekits-post__date\">\n\t\t\t\t\t\tJaneiro 5, 2024\t\t<\/span>\n\n\t\t\t\t<span class=\"thim-ekits-blog__categories\">\n\t\t\t\t\t\t<a class=\"informacao\"\n\t\t\t   href=\"https:\/\/aeag.pt\/portal\/category\/informacao\/\"\n\t\t\t   title=\"Informa\u00e7\u00e3o\">\n\t\t\t\tInforma\u00e7\u00e3o\t\t\t<\/a>\n\t\t<\/span>\n\t\t\t\t<\/div>\n\n\t\t\n\t\t<div class=\"thim-ekits-post__excerpt\">\n\t\t\tInformam-se os senhores Encarregados de Educa\u00e7\u00e3o dos alunos que frequentam a escola Dr. Francisco Gon\u00e7alves Carneiro (5.\u00ba e 6.\u00ba anos)...\t\t<\/div>\n\n\t\t\t\t<a class=\"thim-ekits-post__read-more\"\n\t\t   href=\"https:\/\/aeag.pt\/portal\/informacao\/\" >\n\t\t\tLER MAIS\t\t\t\t\t<\/a>\n\t\t\t\t<\/div>\n\t\t\t\t\t\t\t<\/div>\n\t\t\t\t<div class=\"thim-ekits-post__article swiper-slide post-4516 post type-post status-publish format-standard hentry category-concurso tag-ativo\">\n\t\t\t\t\t\t\t\n\t\t\t\t\t\t<div class=\"thim-ekits-post__content\">\n\t\t\t\t<h3 class=\"thim-ekits-post__title\">\n\t\t<a href=\"https:\/\/aeag.pt\/portal\/listagem-graduada-grupo-420-geografia-concurso-contratacao-escola-ano-letivo-2023-24\/\" >\n\t\t\tListagem graduada &#8211; Grupo 420-Geografia &#8211; Concurso de Contrata\u00e7\u00e3o de Escola Ano letivo 2023\/2024\t\t<\/a>\n\t\t<\/h3>\n\t\t \t\t<div class=\"thim-ekits-post__meta elementor-repeater-item-6be84c5 m-psi-start \">\n\t\t\t\n\t\t<span class=\"thim-ekits-post__date\">\n\t\t\t\t\t\tJaneiro 9, 2024\t\t<\/span>\n\n\t\t\t\t<span class=\"thim-ekits-blog__categories\">\n\t\t\t\t\t\t<a class=\"concurso\"\n\t\t\t   href=\"https:\/\/aeag.pt\/portal\/category\/concurso\/\"\n\t\t\t   title=\"Concurso\">\n\t\t\t\tConcurso\t\t\t<\/a>\n\t\t<\/span>\n\t\t\t\t<\/div>\n\n\t\t\n\t\t<div class=\"thim-ekits-post__excerpt\">\n\t\t\tNome da Escola : Agrupamento de Escolas Dr. Ant\u00f3nio Granjo, Chaves N\u00ba Escola : 152730 Data final da candidatura :...\t\t<\/div>\n\n\t\t\t\t<a class=\"thim-ekits-post__read-more\"\n\t\t   href=\"https:\/\/aeag.pt\/portal\/listagem-graduada-grupo-420-geografia-concurso-contratacao-escola-ano-letivo-2023-24\/\" >\n\t\t\tLER MAIS\t\t\t\t\t<\/a>\n\t\t\t\t<\/div>\n\t\t\t\t\t\t\t<\/div>\n\t\t\t\t<div class=\"thim-ekits-post__article swiper-slide post-4512 post type-post status-publish format-standard hentry category-informacao tag-concluido\">\n\t\t\t\t\t\t\t\n\t\t\t\t\t\t<div class=\"thim-ekits-post__content\">\n\t\t\t\t<h3 class=\"thim-ekits-post__title\">\n\t\t<a href=\"https:\/\/aeag.pt\/portal\/the-project-harnessing-the-power-of-sport-to-change-childrens-lives\/\" >\n\t\t\tInforma\u00e7\u00e3o: Pedidos de Consulta \/ Reaprecia\u00e7\u00e3o\/ Reclama\u00e7\u00e3o  Provas Finais \/ Exames Nacionais\t\t<\/a>\n\t\t<\/h3>\n\t\t \t\t<div class=\"thim-ekits-post__meta elementor-repeater-item-6be84c5 m-psi-start \">\n\t\t\t\n\t\t<span class=\"thim-ekits-post__date\">\n\t\t\t\t\t\tJulho 7, 2024\t\t<\/span>\n\n\t\t\t\t<span class=\"thim-ekits-blog__categories\">\n\t\t\t\t\t\t<a class=\"informacao\"\n\t\t\t   href=\"https:\/\/aeag.pt\/portal\/category\/informacao\/\"\n\t\t\t   title=\"Informa\u00e7\u00e3o\">\n\t\t\t\tInforma\u00e7\u00e3o\t\t\t<\/a>\n\t\t<\/span>\n\t\t\t\t<\/div>\n\n\t\t\n\t\t<div class=\"thim-ekits-post__excerpt\">\n\t\t\t(De acordo com o disposto no Cap\u00edtulo III da Norma 02\/JNE\/2024) O encarregado de educa\u00e7\u00e3o ou o pr\u00f3prio aluno, quando...\t\t<\/div>\n\n\t\t\t\t<a class=\"thim-ekits-post__read-more\"\n\t\t   href=\"https:\/\/aeag.pt\/portal\/the-project-harnessing-the-power-of-sport-to-change-childrens-lives\/\" >\n\t\t\tLER MAIS\t\t\t\t\t<\/a>\n\t\t\t\t<\/div>\n\t\t\t\t\t\t\t<\/div>\n\t\t\t\t<div class=\"thim-ekits-post__article swiper-slide post-23374 post type-post status-publish format-standard hentry category-informacao\">\n\t\t\t\t\t\t\t\n\t\t\t\t\t\t<div class=\"thim-ekits-post__content\">\n\t\t\t\t<h3 class=\"thim-ekits-post__title\">\n\t\t<a href=\"https:\/\/aeag.pt\/portal\/despacho-n-o-8368-2024-de-25-de-julho\/\" >\n\t\t\tDespacho n.\u00ba 8368\/2024, de\u00a0\u00a025 de julho\t\t<\/a>\n\t\t<\/h3>\n\t\t \t\t<div class=\"thim-ekits-post__meta elementor-repeater-item-6be84c5 m-psi-start \">\n\t\t\t\n\t\t<span class=\"thim-ekits-post__date\">\n\t\t\t\t\t\tJulho 29, 2024\t\t<\/span>\n\n\t\t\t\t<span class=\"thim-ekits-blog__categories\">\n\t\t\t\t\t\t<a class=\"informacao\"\n\t\t\t   href=\"https:\/\/aeag.pt\/portal\/category\/informacao\/\"\n\t\t\t   title=\"Informa\u00e7\u00e3o\">\n\t\t\t\tInforma\u00e7\u00e3o\t\t\t<\/a>\n\t\t<\/span>\n\t\t\t\t<\/div>\n\n\t\t\n\t\t<div class=\"thim-ekits-post__excerpt\">\n\t\t\tSum\u00e1rio: Estabelece o calend\u00e1rio escolar relativo aos anos letivos de 2024-2025 a 2027-2028 destinado aos estabelecimentos p\u00fablicos de educa\u00e7\u00e3o pr\u00e9-escolar...\t\t<\/div>\n\n\t\t\t\t<a class=\"thim-ekits-post__read-more\"\n\t\t   href=\"https:\/\/aeag.pt\/portal\/despacho-n-o-8368-2024-de-25-de-julho\/\" >\n\t\t\tLER MAIS\t\t\t\t\t<\/a>\n\t\t\t\t<\/div>\n\t\t\t\t\t\t\t<\/div>\n\t\t\t\t\t\t<\/div>\n\t\t\t<\/div>\n\n\t\t\t\t\t\t\t<\/div>\n\t\t\t\t<\/div>\n\t\t\t\t\t<\/div>\n\t\t<\/div>\n\t\t\t\t\t<\/div>\n\t\t<\/section>\n\t\t\t\t<\/div>\n\t\t","protected":false},"excerpt":{"rendered":"<p>Dr. Ant\u00f3nio Joaquim Granjo &#8211; 1881-1921 In\u00edcio Hist\u00f3ria e Patrono Ilustre flaviense, \u00e9 um nome da Rep\u00fablica e de Portugal. Homem franco, rude e generoso, nascido, em Chaves, a 27 de dezembro de 1881. Estudou em Coimbra, onde obteve, em 1907, o bacharelato em Direito pela Universidade de Coimbra, sendo &hellip; <\/p>\n","protected":false},"author":1,"featured_media":0,"parent":0,"menu_order":0,"comment_status":"closed","ping_status":"closed","template":"elementor_header_footer","meta":{"footnotes":""},"class_list":["post-10711","page","type-page","status-publish","hentry"],"_links":{"self":[{"href":"https:\/\/aeag.pt\/portal\/wp-json\/wp\/v2\/pages\/10711","targetHints":{"allow":["GET"]}}],"collection":[{"href":"https:\/\/aeag.pt\/portal\/wp-json\/wp\/v2\/pages"}],"about":[{"href":"https:\/\/aeag.pt\/portal\/wp-json\/wp\/v2\/types\/page"}],"author":[{"embeddable":true,"href":"https:\/\/aeag.pt\/portal\/wp-json\/wp\/v2\/users\/1"}],"replies":[{"embeddable":true,"href":"https:\/\/aeag.pt\/portal\/wp-json\/wp\/v2\/comments?post=10711"}],"version-history":[{"count":0,"href":"https:\/\/aeag.pt\/portal\/wp-json\/wp\/v2\/pages\/10711\/revisions"}],"wp:attachment":[{"href":"https:\/\/aeag.pt\/portal\/wp-json\/wp\/v2\/media?parent=10711"}],"curies":[{"name":"wp","href":"https:\/\/api.w.org\/{rel}","templated":true}]}}